{"id":415,"date":"2019-04-24T09:34:48","date_gmt":"2019-04-24T09:34:48","guid":{"rendered":"https:\/\/themes.themeenergy.com\/bookyourtravel\/travel-tours\/?page_id=17"},"modified":"2026-03-04T19:39:55","modified_gmt":"2026-03-04T19:39:55","slug":"home-travel-tours","status":"publish","type":"page","link":"https:\/\/paddlesoca.com\/es\/","title":{"rendered":"Home Travel Tours"},"content":{"rendered":"<div class=\"wpb-content-wrapper\"><div class=\"vc_row wpb_row vc_row-fluid vc_custom_1767807585260\"><div class=\"wpb_column vc_column_container vc_col-sm-6\"><div class=\"vc_column-inner\"><div class=\"wpb_wrapper\">\n\t<div  class=\"wpb_single_image wpb_content_element vc_align_left wpb_content_element\">\n\t\t\n\t\t<figure class=\"wpb_wrapper vc_figure\">\n\t\t\t<div class=\"vc_single_image-wrapper vc_box_rounded  vc_box_border_grey\"><img fetchpriority=\"high\" decoding=\"async\" width=\"2560\" height=\"2048\" src=\"https:\/\/paddlesoca.com\/wp-content\/uploads\/2026\/01\/Soca-8-scaled.jpg\" class=\"vc_single_image-img attachment-full\" alt=\"\" title=\"Soca-8\" srcset=\"https:\/\/paddlesoca.com\/wp-content\/uploads\/2026\/01\/Soca-8-scaled.jpg 2560w, https:\/\/paddlesoca.com\/wp-content\/uploads\/2026\/01\/Soca-8-300x240.jpg 300w, https:\/\/paddlesoca.com\/wp-content\/uploads\/2026\/01\/Soca-8-1024x819.jpg 1024w, https:\/\/paddlesoca.com\/wp-content\/uploads\/2026\/01\/Soca-8-768x614.jpg 768w, https:\/\/paddlesoca.com\/wp-content\/uploads\/2026\/01\/Soca-8-1536x1229.jpg 1536w, https:\/\/paddlesoca.com\/wp-content\/uploads\/2026\/01\/Soca-8-2048x1638.jpg 2048w, https:\/\/paddlesoca.com\/wp-content\/uploads\/2026\/01\/Soca-8-600x480.jpg 600w\" sizes=\"(max-width: 2560px) 100vw, 2560px\" \/><\/div>\n\t\t<\/figure>\n\t<\/div>\n<\/div><\/div><\/div><div class=\"wpb_column vc_column_container vc_col-sm-6\"><div class=\"vc_column-inner\"><div class=\"wpb_wrapper\">\n\t<div class=\"wpb_text_column wpb_content_element\" >\n\t\t<div class=\"wpb_wrapper\">\n\t\t\t<h2><strong>Whitewater Kayak y Kayaks Inflables<\/strong><\/h2>\n<p>Tanto si eres un principiante que descubre el kayak por primera vez \u00f3 si eres un remador experimentado en busca de tu pr\u00f3ximo reto, el r\u00edo So\u010da ofrece el escenario alpino ideal. Nuestros programas de kayak se centran en la t\u00e9cnica, la seguridad y la confianza, lo que te permite progresar mientras disfrutas de aguas cristalinas, emocionantes olas y los emblem\u00e1ticos r\u00e1pidos del So\u010da.<\/p>\n<p>Con instructores expertos certificados, equipo de primera calidad y entrenamiento personalizado, esta es la mejor experiencia europea de kayak en aguas bravas en Bovec, Eslovenia.<\/p>\n\n\t\t<\/div>\n\t<\/div>\n<div class=\"vc_btn3-container  buttonshome vc_btn3-inline vc_custom_1771261103116 vc_do_btn\" ><a class=\"vc_general vc_btn3 vc_btn3-size-lg vc_btn3-shape-round vc_btn3-style-classic vc_btn3-color-warning\" href=\"https:\/\/paddlesoca.com\/es\/tour-tag\/kayaksingle\/\" title=\"\">Todas las Aventuras en Kayak<\/a><\/div>\n\t<div  class=\"wpb_single_image wpb_content_element vc_align_left wpb_content_element\">\n\t\t\n\t\t<figure class=\"wpb_wrapper vc_figure\">\n\t\t\t<div class=\"vc_single_image-wrapper   vc_box_border_grey\"><img decoding=\"async\" class=\"vc_single_image-img\" src=\"https:\/\/paddlesoca.com\/wp-content\/uploads\/2026\/02\/FREEP\u00b4HOTOS-315x163.png\" width=\"315\" height=\"163\" alt=\"FREEP\u00b4HOTOS\" title=\"FOTOS GRATIS\" \/><\/div>\n\t\t<\/figure>\n\t<\/div>\n<\/div><\/div><\/div><\/div><div class=\"vc_row wpb_row vc_row-fluid\"><div class=\"wpb_column vc_column_container vc_col-sm-6\"><div class=\"vc_column-inner\"><div class=\"wpb_wrapper\">\n\t<div class=\"wpb_text_column wpb_content_element\" >\n\t\t<div class=\"wpb_wrapper\">\n\t\t\t<h2><strong>Rafting en el r\u00edo Esmeralda So\u010da<\/strong><\/h2>\n<p>Vive una de las mejores aventuras acu\u00e1ticas de Europa en el mundialmente famoso r\u00edo So\u010da, en Bovec, Eslovenia. Rodeadas por el impresionante paisaje alpino de los Alpes Julianos, nuestras excursiones de rafting combinan acci\u00f3n pura, divertidas salpicaduras y una naturaleza impresionante. Perfectas para familias, parejas, amigos y amantes de la aventura, nuestros gu\u00edas certificados garantizan la m\u00e1xima seguridad mientras disfrutas de uno de los r\u00edos m\u00e1s bellos del planeta.<\/p>\n<p>Descubre el mejor rafting de Eslovenia, en pleno coraz\u00f3n del valle del So\u010da.<\/p>\n\n\t\t<\/div>\n\t<\/div>\n<div class=\"vc_btn3-container  buttonshome vc_btn3-inline vc_do_btn\" ><a class=\"vc_general vc_btn3 vc_btn3-size-lg vc_btn3-shape-round vc_btn3-style-classic vc_btn3-color-warning\" href=\"https:\/\/paddlesoca.com\/es\/tour-tag\/ratingsingle\/\" title=\"\">Todas las Aventuras de Rafting<\/a><\/div>\n\t<div  class=\"wpb_single_image wpb_content_element vc_align_right wpb_content_element\">\n\t\t\n\t\t<figure class=\"wpb_wrapper vc_figure\">\n\t\t\t<div class=\"vc_single_image-wrapper   vc_box_border_grey\"><img decoding=\"async\" class=\"vc_single_image-img\" src=\"https:\/\/paddlesoca.com\/wp-content\/uploads\/2026\/02\/FREEP\u00b4HOTOS-315x163.png\" width=\"315\" height=\"163\" alt=\"FREEP\u00b4HOTOS\" title=\"FOTOS GRATIS\" \/><\/div>\n\t\t<\/figure>\n\t<\/div>\n<\/div><\/div><\/div><div class=\"wpb_column vc_column_container vc_col-sm-6\"><div class=\"vc_column-inner\"><div class=\"wpb_wrapper\">\n\t<div  class=\"wpb_single_image wpb_content_element vc_align_left wpb_content_element\">\n\t\t\n\t\t<figure class=\"wpb_wrapper vc_figure\">\n\t\t\t<div class=\"vc_single_image-wrapper   vc_box_border_grey\"><img decoding=\"async\" width=\"1195\" height=\"778\" src=\"https:\/\/paddlesoca.com\/wp-content\/uploads\/2026\/02\/rafting.jpg\" class=\"vc_single_image-img attachment-full\" alt=\"\" title=\"rafting\" srcset=\"https:\/\/paddlesoca.com\/wp-content\/uploads\/2026\/02\/rafting.jpg 1195w, https:\/\/paddlesoca.com\/wp-content\/uploads\/2026\/02\/rafting-300x195.jpg 300w, https:\/\/paddlesoca.com\/wp-content\/uploads\/2026\/02\/rafting-1024x667.jpg 1024w, https:\/\/paddlesoca.com\/wp-content\/uploads\/2026\/02\/rafting-768x500.jpg 768w, https:\/\/paddlesoca.com\/wp-content\/uploads\/2026\/02\/rafting-600x391.jpg 600w\" sizes=\"(max-width: 1195px) 100vw, 1195px\" \/><\/div>\n\t\t<\/figure>\n\t<\/div>\n<\/div><\/div><\/div><\/div><div class=\"vc_row wpb_row vc_row-fluid vc_custom_1557824355992\"><div class=\"wpb_column vc_column_container vc_col-sm-3\"><div class=\"vc_column-inner\"><div class=\"wpb_wrapper\"><\/div><\/div><\/div><div class=\"wpb_column vc_column_container vc_col-sm-6\"><div class=\"vc_column-inner\"><div class=\"wpb_wrapper\"><div class=\"vc_icon_element vc_icon_element-outer vc_custom_1557823908354 vc_do_icon vc_icon_element-align-center\"><div class=\"vc_icon_element-inner vc_icon_element-color-custom vc_icon_element-size-lg vc_icon_element-style- vc_icon_element-background-color-grey\" ><span class=\"vc_icon_element-icon vc-material vc-material-favorite_border\" style=\"color:#333333 !important\"><\/span><\/div><\/div><h1 style=\"font-size: 37px;text-align: center\" class=\"vc_custom_heading vc_do_custom_heading vc_custom_1557824316629\" >Nuestros tours m\u00e1s populares<\/h1><p style=\"font-size: 25px;color: #003580;line-height: 1;text-align: center;font-family:Satisfy;font-weight:400;font-style:normal\" class=\"vc_custom_heading vc_do_custom_heading\" >elige tu aventura<\/p><\/div><\/div><\/div><div class=\"wpb_column vc_column_container vc_col-sm-3\"><div class=\"vc_column-inner\"><div class=\"wpb_wrapper\"><\/div><\/div><\/div><\/div><div class=\"vc_row wpb_row vc_row-fluid\"><div class=\"wpb_column vc_column_container vc_col-sm-12\"><div class=\"vc_column-inner\"><div class=\"wpb_wrapper\"><div class=\"widget widget-sidebar\"><div class=\"s-title\"><h2><\/h2><\/div><div class=\"deals\"><div class=\"row\"><article data-tour-id=\"673\" class=\"tour_item one-fifth\"><div><a href=\"https:\/\/paddlesoca.com\/es\/tour\/3-day-river-experience\/\" title=\"River Experience &#8211; 3 Days\"><figure><img loading=\"lazy\" decoding=\"async\" width=\"400\" height=\"300\" src=\"https:\/\/paddlesoca.com\/wp-content\/uploads\/2026\/01\/DSC00971-400x300.jpeg\" class=\"attachment-thumbnail size-thumbnail wp-post-image\" alt=\"\" title=\"DSC00971\" \/><\/figure><\/a><div class=\"details\"><div class='item-header'><h3><a href=\"https:\/\/paddlesoca.com\/es\/tour\/3-day-river-experience\/\" title=\"River Experience &#8211; 3 Days\">River Experience &#8211; 3 Days<\/a><\/h3><\/div>\t\t<div class=\"item_price\" style=\"display:none\">\n\t\t\tFrom\t\t\t\t\t\t<span class=\"price\">\n\t\t\t\t<em>\n\t\t\t\t\t\t\t\t<span class=\"curr\"><\/span>\n\t\t\t\t<span class=\"amount\"><\/span>\n\t\t\t\t\t\t\t\t<\/em>\n\t\t\t<\/span>\n\t\t\t\t<\/div>\n\t\t<div class='post-type description'><\/div><div class='actions'><a href='https:\/\/paddlesoca.com\/es\/tour\/3-day-river-experience\/' class='gradient-button edit-entity'  data-id='673'  title='Book now'>Book now<\/a><\/div><\/div><!--\/\/details--><a href=\"https:\/\/paddlesoca.com\/es\/tour\/3-day-river-experience\/\" class=\"overlay-link\"><\/a><\/div><\/article><!--\/\/tour_item--><article data-tour-id=\"671\" class=\"tour_item one-fifth\"><div><a href=\"https:\/\/paddlesoca.com\/es\/tour\/3-day-adventure-river-mountains-option-a\/\" title=\"River &amp; Mountains &#8211; 3 Days\"><figure><img loading=\"lazy\" decoding=\"async\" width=\"400\" height=\"300\" src=\"https:\/\/paddlesoca.com\/wp-content\/uploads\/2026\/01\/FullSizeRender-1-400x300.jpeg\" class=\"attachment-thumbnail size-thumbnail wp-post-image\" alt=\"\" title=\"FullSizeRender\" \/><\/figure><\/a><div class=\"details\"><div class='item-header'><h3><a href=\"https:\/\/paddlesoca.com\/es\/tour\/3-day-adventure-river-mountains-option-a\/\" title=\"River &amp; Mountains &#8211; 3 Days\">River &amp; Mountains &#8211; 3 Days<\/a><\/h3><\/div>\t\t<div class=\"item_price\" style=\"display:none\">\n\t\t\tFrom\t\t\t\t\t\t<span class=\"price\">\n\t\t\t\t<em>\n\t\t\t\t\t\t\t\t<span class=\"curr\"><\/span>\n\t\t\t\t<span class=\"amount\"><\/span>\n\t\t\t\t\t\t\t\t<\/em>\n\t\t\t<\/span>\n\t\t\t\t<\/div>\n\t\t<div class='post-type description'><\/div><div class='actions'><a href='https:\/\/paddlesoca.com\/es\/tour\/3-day-adventure-river-mountains-option-a\/' class='gradient-button edit-entity'  data-id='671'  title='Book now'>Book now<\/a><\/div><\/div><!--\/\/details--><a href=\"https:\/\/paddlesoca.com\/es\/tour\/3-day-adventure-river-mountains-option-a\/\" class=\"overlay-link\"><\/a><\/div><\/article><!--\/\/tour_item--><article data-tour-id=\"670\" class=\"tour_item one-fifth\"><div><a href=\"https:\/\/paddlesoca.com\/es\/tour\/paddle-flow-2-days\/\" title=\"Rema y fluye \u2013 2 d\u00edas\"><figure><img loading=\"lazy\" decoding=\"async\" width=\"400\" height=\"300\" src=\"https:\/\/paddlesoca.com\/wp-content\/uploads\/2026\/01\/IMG_2139-400x300.jpg\" class=\"attachment-thumbnail size-thumbnail wp-post-image\" alt=\"\" title=\"IMG_2139\" srcset=\"https:\/\/paddlesoca.com\/wp-content\/uploads\/2026\/01\/IMG_2139-400x300.jpg 400w, https:\/\/paddlesoca.com\/wp-content\/uploads\/2026\/01\/IMG_2139-300x225.jpg 300w, https:\/\/paddlesoca.com\/wp-content\/uploads\/2026\/01\/IMG_2139-1024x768.jpg 1024w, https:\/\/paddlesoca.com\/wp-content\/uploads\/2026\/01\/IMG_2139-768x576.jpg 768w, https:\/\/paddlesoca.com\/wp-content\/uploads\/2026\/01\/IMG_2139-1536x1152.jpg 1536w, https:\/\/paddlesoca.com\/wp-content\/uploads\/2026\/01\/IMG_2139-2048x1536.jpg 2048w, https:\/\/paddlesoca.com\/wp-content\/uploads\/2026\/01\/IMG_2139-600x450.jpg 600w\" sizes=\"(max-width: 400px) 100vw, 400px\" \/><\/figure><\/a><div class=\"details\"><div class='item-header'><h3><a href=\"https:\/\/paddlesoca.com\/es\/tour\/paddle-flow-2-days\/\" title=\"Rema y fluye \u2013 2 d\u00edas\">Rema y Fluye \u2013 2 d\u00edas<\/a><\/h3><\/div>\t\t<div class=\"item_price\" style=\"display:none\">\n\t\t\tFrom\t\t\t\t\t\t<span class=\"price\">\n\t\t\t\t<em>\n\t\t\t\t\t\t\t\t<span class=\"curr\"><\/span>\n\t\t\t\t<span class=\"amount\"><\/span>\n\t\t\t\t\t\t\t\t<\/em>\n\t\t\t<\/span>\n\t\t\t\t<\/div>\n\t\t<div class='post-type description'><\/div><div class='actions'><a href='https:\/\/paddlesoca.com\/es\/tour\/paddle-flow-2-days\/' class='gradient-button edit-entity'  data-id='670'  title='Book now'>Book now<\/a><\/div><\/div><!--\/\/details--><a href=\"https:\/\/paddlesoca.com\/es\/tour\/paddle-flow-2-days\/\" class=\"overlay-link\"><\/a><\/div><\/article><!--\/\/tour_item--><article data-tour-id=\"669\" class=\"tour_item one-fifth\"><div><a href=\"https:\/\/paddlesoca.com\/es\/tour\/river-skills-2-days\/\" title=\"River Skills \u2013 2 Days\"><figure><img loading=\"lazy\" decoding=\"async\" width=\"400\" height=\"300\" src=\"https:\/\/paddlesoca.com\/wp-content\/uploads\/2026\/01\/IMG_0907-400x300.jpg\" class=\"attachment-thumbnail size-thumbnail wp-post-image\" alt=\"\" title=\"IMG_0907\" srcset=\"https:\/\/paddlesoca.com\/wp-content\/uploads\/2026\/01\/IMG_0907-400x300.jpg 400w, https:\/\/paddlesoca.com\/wp-content\/uploads\/2026\/01\/IMG_0907-300x225.jpg 300w, https:\/\/paddlesoca.com\/wp-content\/uploads\/2026\/01\/IMG_0907-1024x768.jpg 1024w, https:\/\/paddlesoca.com\/wp-content\/uploads\/2026\/01\/IMG_0907-768x576.jpg 768w, https:\/\/paddlesoca.com\/wp-content\/uploads\/2026\/01\/IMG_0907-1536x1152.jpg 1536w, https:\/\/paddlesoca.com\/wp-content\/uploads\/2026\/01\/IMG_0907-2048x1536.jpg 2048w, https:\/\/paddlesoca.com\/wp-content\/uploads\/2026\/01\/IMG_0907-600x450.jpg 600w\" sizes=\"(max-width: 400px) 100vw, 400px\" \/><\/figure><\/a><div class=\"details\"><div class='item-header'><h3><a href=\"https:\/\/paddlesoca.com\/es\/tour\/river-skills-2-days\/\" title=\"River Skills \u2013 2 Days\">River Skills \u2013 2 Days<\/a><\/h3><\/div>\t\t<div class=\"item_price\" style=\"display:none\">\n\t\t\tFrom\t\t\t\t\t\t<span class=\"price\">\n\t\t\t\t<em>\n\t\t\t\t\t\t\t\t<span class=\"curr\"><\/span>\n\t\t\t\t<span class=\"amount\"><\/span>\n\t\t\t\t\t\t\t\t<\/em>\n\t\t\t<\/span>\n\t\t\t\t<\/div>\n\t\t<div class='post-type description'><\/div><div class='actions'><a href='https:\/\/paddlesoca.com\/es\/tour\/river-skills-2-days\/' class='gradient-button edit-entity'  data-id='669'  title='Book now'>Book now<\/a><\/div><\/div><!--\/\/details--><a href=\"https:\/\/paddlesoca.com\/es\/tour\/river-skills-2-days\/\" class=\"overlay-link\"><\/a><\/div><\/article><!--\/\/tour_item--><article data-tour-id=\"668\" class=\"tour_item one-fifth\"><div><a href=\"https:\/\/paddlesoca.com\/es\/tour\/river-explorer-2-days\/\" title=\"Explora el R\u00edo \u2013 2 d\u00edas\"><figure><img loading=\"lazy\" decoding=\"async\" width=\"400\" height=\"300\" src=\"https:\/\/paddlesoca.com\/wp-content\/uploads\/2026\/01\/sit-on-top-400x300.jpeg\" class=\"attachment-thumbnail size-thumbnail wp-post-image\" alt=\"\" title=\"sit-on-top\" \/><\/figure><\/a><div class=\"details\"><div class='item-header'><h3><a href=\"https:\/\/paddlesoca.com\/es\/tour\/river-explorer-2-days\/\" title=\"Explora el R\u00edo \u2013 2 d\u00edas\">Explora el R\u00edo \u2013 2 d\u00edas<\/a><\/h3><\/div>\t\t<div class=\"item_price\" style=\"display:none\">\n\t\t\tFrom\t\t\t\t\t\t<span class=\"price\">\n\t\t\t\t<em>\n\t\t\t\t\t\t\t\t<span class=\"curr\"><\/span>\n\t\t\t\t<span class=\"amount\"><\/span>\n\t\t\t\t\t\t\t\t<\/em>\n\t\t\t<\/span>\n\t\t\t\t<\/div>\n\t\t<div class='post-type description'><\/div><div class='actions'><a href='https:\/\/paddlesoca.com\/es\/tour\/river-explorer-2-days\/' class='gradient-button edit-entity'  data-id='668'  title='Book now'>Book now<\/a><\/div><\/div><!--\/\/details--><a href=\"https:\/\/paddlesoca.com\/es\/tour\/river-explorer-2-days\/\" class=\"overlay-link\"><\/a><\/div><\/article><!--\/\/tour_item--><\/div><!--row--><\/div><!--deals--><\/div><\/div><\/div><\/div><\/div><div data-vc-full-width=\"true\" data-vc-full-width-temp=\"true\" data-vc-full-width-init=\"false\" data-vc-stretch-content=\"true\" class=\"vc_row wpb_row vc_row-fluid vc_custom_1768836443247 vc_row-has-fill\"><div class=\"wpb_column vc_column_container vc_col-sm-3\"><div class=\"vc_column-inner\"><div class=\"wpb_wrapper\"><\/div><\/div><\/div><div class=\"wpb_column vc_column_container vc_col-sm-6\"><div class=\"vc_column-inner\"><div class=\"wpb_wrapper\">\n\t<div  class=\"wpb_single_image wpb_content_element vc_align_center wpb_content_element wpb_animate_when_almost_visible wpb_zoomInUp zoomInUp vc_custom_1770829924372\">\n\t\t\n\t\t<figure class=\"wpb_wrapper vc_figure\">\n\t\t\t<div class=\"vc_single_image-wrapper   vc_box_border_grey\"><img loading=\"lazy\" decoding=\"async\" width=\"300\" height=\"178\" src=\"https:\/\/paddlesoca.com\/wp-content\/uploads\/2026\/01\/cropped-IMG_2099-300x178.png\" class=\"vc_single_image-img attachment-medium\" alt=\"\" title=\"cropped-IMG_2099.png\" srcset=\"https:\/\/paddlesoca.com\/wp-content\/uploads\/2026\/01\/cropped-IMG_2099-300x178.png 300w, https:\/\/paddlesoca.com\/wp-content\/uploads\/2026\/01\/cropped-IMG_2099-600x356.png 600w, https:\/\/paddlesoca.com\/wp-content\/uploads\/2026\/01\/cropped-IMG_2099.png 675w\" sizes=\"(max-width: 300px) 100vw, 300px\" \/><\/div>\n\t\t<\/figure>\n\t<\/div>\n<\/div><\/div><\/div><div class=\"wpb_column vc_column_container vc_col-sm-3\"><div class=\"vc_column-inner vc_custom_1770390653983\"><div class=\"wpb_wrapper\"><\/div><\/div><\/div><\/div><div class=\"vc_row-full-width vc_clearfix\"><\/div><div class=\"vc_row wpb_row vc_row-fluid vc_custom_1557824652572\"><div class=\"wpb_column vc_column_container vc_col-sm-3\"><div class=\"vc_column-inner\"><div class=\"wpb_wrapper\"><\/div><\/div><\/div><div class=\"wpb_column vc_column_container vc_col-sm-6\"><div class=\"vc_column-inner\"><div class=\"wpb_wrapper\"><div class=\"vc_icon_element vc_icon_element-outer vc_custom_1767892612428 vc_do_icon vc_icon_element-align-center\"><div class=\"vc_icon_element-inner vc_icon_element-color-custom vc_icon_element-size-lg vc_icon_element-style- vc_icon_element-background-color-grey\" ><span class=\"vc_icon_element-icon vc-material vc-material-terrain\" style=\"color:#003580 !important\"><\/span><\/div><\/div><h1 style=\"font-size: 37px;text-align: center\" class=\"vc_custom_heading vc_do_custom_heading vc_custom_1767892426794\" >Acerca de nosotros<\/h1><p style=\"font-size: 25px;color: #003580;line-height: 1;text-align: center;font-family:Satisfy;font-weight:400;font-style:normal\" class=\"vc_custom_heading vc_do_custom_heading\" >exploremos el mundo<\/p><\/div><\/div><\/div><div class=\"wpb_column vc_column_container vc_col-sm-3\"><div class=\"vc_column-inner\"><div class=\"wpb_wrapper\"><\/div><\/div><\/div><\/div><div class=\"vc_row wpb_row vc_row-fluid vc_custom_1767902070488 vc_row-has-fill\"><div class=\"wpb_column vc_column_container vc_col-sm-6\"><div class=\"vc_column-inner\"><div class=\"wpb_wrapper\">\n\t<div class=\"wpb_text_column wpb_content_element\" >\n\t\t<div class=\"wpb_wrapper\">\n\t\t\t<h2><strong>En Paddle So\u010da, la aventura no es una idea de negocio, es nuestra vida.<\/strong><\/h2>\n<p>Somos una aut\u00e9ntica familia de remadores y un equipo profesional de aventura con profundas ra\u00edces en el mundo internacional del kayak y el rafting. Con m\u00e1s de 15 a\u00f1os de experiencia guiando, ense\u00f1ando y remando r\u00e1pidos de Europa, Am\u00e9rica y Asia, elegimos Bovec y el valle del So\u010da como nuestro hogar porque representa todo lo que nos gusta: aguas cristalinas, naturaleza alpina, aventura segura y un aut\u00e9ntico esp\u00edritu al aire libre.<\/p>\n<p>El r\u00edo So\u010da es uno de los destinos de aguas blancas m\u00e1s emblem\u00e1ticos de Europa. Sus aguas verde esmeralda, sus paisajes alpinos y sus r\u00e1pidos de clase mundial han aparecido en pel\u00edculas, anuncios y producciones de aventura, incluida \u201cLas cr\u00f3nicas de Narnia II\u201d. Pero para nosotros, el So\u010da es mucho m\u00e1s que un r\u00edo famoso: es un lugar de conexi\u00f3n, respeto y pasi\u00f3n.<\/p>\n\n\t\t<\/div>\n\t<\/div>\n<div class=\"vc_btn3-container  buttonshome vc_btn3-inline vc_do_btn\" ><a class=\"vc_general vc_btn3 vc_btn3-size-lg vc_btn3-shape-round vc_btn3-style-classic vc_btn3-color-warning\" href=\"https:\/\/paddlesoca.com\/es\/about-us-2\/\" title=\"Qui\u00e9nes somos\">M\u00e1s informaci\u00f3n<\/a><\/div><\/div><\/div><\/div><div class=\"wpb_column vc_column_container vc_col-sm-6\"><div class=\"vc_column-inner\"><div class=\"wpb_wrapper\">\n\t<div  class=\"wpb_single_image wpb_content_element vc_align_center wpb_content_element vc_custom_1767902160533\">\n\t\t\n\t\t<figure class=\"wpb_wrapper vc_figure\">\n\t\t\t<div class=\"vc_single_image-wrapper   vc_box_border_grey\"><img loading=\"lazy\" decoding=\"async\" width=\"600\" height=\"768\" src=\"https:\/\/paddlesoca.com\/wp-content\/uploads\/2026\/01\/soca2.jpg\" class=\"vc_single_image-img attachment-full\" alt=\"\" title=\"soca2\" srcset=\"https:\/\/paddlesoca.com\/wp-content\/uploads\/2026\/01\/soca2.jpg 600w, https:\/\/paddlesoca.com\/wp-content\/uploads\/2026\/01\/soca2-234x300.jpg 234w\" sizes=\"(max-width: 600px) 100vw, 600px\" \/><\/div>\n\t\t<\/figure>\n\t<\/div>\n<\/div><\/div><\/div><\/div><div data-vc-full-width=\"true\" data-vc-full-width-temp=\"true\" data-vc-full-width-init=\"false\" data-vc-stretch-content=\"true\" class=\"vc_row wpb_row vc_row-fluid vc_custom_1771517268082 vc_row-has-fill\"><div class=\"wpb_column vc_column_container vc_col-sm-3\"><div class=\"vc_column-inner\"><div class=\"wpb_wrapper\"><\/div><\/div><\/div><div class=\"wpb_column vc_column_container vc_col-sm-6\"><div class=\"vc_column-inner\"><div class=\"wpb_wrapper\">\n\t<div class=\"wpb_text_column wpb_content_element\" >\n\t\t<div class=\"wpb_wrapper\">\n\t\t\t<h5 style=\"text-align: center;\"><span style=\"color: #ffffff;\">\u201cMi esposa y yo fuimos a hacer whitewater kayak durante tres d\u00edas y nos quedamos cinco, jajaja. Remamos con Carlos, que es un gu\u00eda y profesor realmente bueno, muy atento y siempre mostr\u00e1ndonos nuevas o mejores formas de movernos por el r\u00edo. Incluso me llev\u00f3 a Tolmin cuando tuve un problema m\u00e9dico en Bovec. Recomiendo totalmente Paddle So\u010da y si puedo, volver\u00e9\u201d.\u201d<\/span><\/h5>\n<p style=\"text-align: center;\"><span style=\"color: #ffffff;\"><strong>\u2013 Tom\u00e1s Mar\u00edn<\/strong><\/span><\/p>\n\n\t\t<\/div>\n\t<\/div>\n<\/div><\/div><\/div><div class=\"wpb_column vc_column_container vc_col-sm-3\"><div class=\"vc_column-inner\"><div class=\"wpb_wrapper\"><\/div><\/div><\/div><\/div><div class=\"vc_row-full-width vc_clearfix\"><\/div><\/div>","protected":false},"excerpt":{"rendered":"","protected":false},"author":1,"featured_media":0,"parent":0,"menu_order":0,"comment_status":"closed","ping_status":"closed","template":"page-blank.php","meta":{"footnotes":""},"class_list":["post-415","page","type-page","status-publish","hentry"],"_links":{"self":[{"href":"https:\/\/paddlesoca.com\/es\/wp-json\/wp\/v2\/pages\/415","targetHints":{"allow":["GET"]}}],"collection":[{"href":"https:\/\/paddlesoca.com\/es\/wp-json\/wp\/v2\/pages"}],"about":[{"href":"https:\/\/paddlesoca.com\/es\/wp-json\/wp\/v2\/types\/page"}],"author":[{"embeddable":true,"href":"https:\/\/paddlesoca.com\/es\/wp-json\/wp\/v2\/users\/1"}],"replies":[{"embeddable":true,"href":"https:\/\/paddlesoca.com\/es\/wp-json\/wp\/v2\/comments?post=415"}],"version-history":[{"count":0,"href":"https:\/\/paddlesoca.com\/es\/wp-json\/wp\/v2\/pages\/415\/revisions"}],"wp:attachment":[{"href":"https:\/\/paddlesoca.com\/es\/wp-json\/wp\/v2\/media?parent=415"}],"curies":[{"name":"wp","href":"https:\/\/api.w.org\/{rel}","templated":true}]}}