{"id":432,"date":"2019-05-15T07:50:54","date_gmt":"2019-05-15T07:50:54","guid":{"rendered":"https:\/\/themes.themeenergy.com\/bookyourtravel\/travel-tours\/?page_id=387"},"modified":"2026-03-03T15:18:35","modified_gmt":"2026-03-03T15:18:35","slug":"about-us-2","status":"publish","type":"page","link":"https:\/\/paddlesoca.com\/es\/about-us-2\/","title":{"rendered":"Grupos"},"content":{"rendered":"<div class=\"wpb-content-wrapper\"><div data-vc-full-width=\"true\" data-vc-full-width-temp=\"true\" data-vc-full-width-init=\"false\" data-vc-stretch-content=\"true\" class=\"vc_row wpb_row vc_row-fluid vc_custom_1771601352947 vc_row-has-fill vc_row-no-padding\"><div class=\"wpb_column vc_column_container vc_col-sm-12\"><div class=\"vc_column-inner\"><div class=\"wpb_wrapper\"><\/div><\/div><\/div><\/div><div class=\"vc_row-full-width vc_clearfix\"><\/div><div class=\"vc_row wpb_row vc_row-fluid vc_custom_1557914445778 vc_row-has-fill\"><div class=\"wpb_column vc_column_container vc_col-sm-2\"><div class=\"vc_column-inner\"><div class=\"wpb_wrapper\"><\/div><\/div><\/div><div class=\"wpb_column vc_column_container vc_col-sm-8\"><div class=\"vc_column-inner\"><div class=\"wpb_wrapper\">\n\t<div class=\"wpb_text_column wpb_content_element vc_custom_1772551109340\" >\n\t\t<div class=\"wpb_wrapper\">\n\t\t\t<h2>Aventuras para Grupos en el Valle del So\u010da<\/h2>\n<p>Paddle So\u010da dise\u00f1a y organiza experiencias al aire libre para grupos que visitan el Valle del So\u010da.<\/p>\n<p>Trabajamos con empresas, escuelas, familias y grupos de amigos, creando programas bien organizados que combinan actividades en el r\u00edo, experiencias en la monta\u00f1a y momentos de recuperaci\u00f3n, siempre adaptados a las necesidades del grupo.<\/p>\n<p>Aunque rafting, kayak y yoga est\u00e1n en el coraz\u00f3n de lo que hacemos, tambi\u00e9n ayudamos a los grupos a acceder a otras actividades ic\u00f3nicas del valle a trav\u00e9s de socios locales de confianza.<\/p>\n<h2>Team Building para Empresas y Grupos Corporativos<\/h2>\n<p>Las experiencias al aire libre son una herramienta poderosa para fortalecer la confianza, la comunicaci\u00f3n y el trabajo en equipo. Nuestros programas de team building utilizan el entorno natural del Valle del So\u010da para fomentar la colaboraci\u00f3n, la resoluci\u00f3n de problemas y los logros compartidos..<\/p>\n<p>Los programas pueden incluir rafting, kayak, yoga, sesiones de recuperaci\u00f3n y actividades del valle seleccionadas como canyoning u otras experiencias outdoor, dependiendo de los objetivos del grupo.<\/p>\n<p>Ofrecemos programas de medio d\u00eda, d\u00eda completo o varios d\u00edas, con horarios flexibles y log\u00edstica privada.<\/p>\n<h2>Grupos Escolares y Educativos<\/h2>\n<p>Ofrecemos programas al aire libre seguros, estructurados y din\u00e1micos para grupos escolares y educativos.<br \/>\nLas actividades se centran en el trabajo en equipo, la confianza, el respeto por la naturaleza y la conciencia b\u00e1sica del r\u00edo, siempre guiadas por gu\u00edas certificados y formados en rescate en aguas r\u00e1pidas y primeros auxilios.<\/p>\n<p>Los programas se adaptan a la edad, el tama\u00f1o del grupo y los objetivos educativos.<br \/>\nEl Valle del So\u010da ofrece un aula natural \u00fanica, que combina aventura, naturaleza y aprendizaje.<\/p>\n<h2>Familias Grandes<\/h2>\n<p>El Valle del So\u010da es un destino perfecto para viajes familiares multigeneracionales .<br \/>\nDise\u00f1amos programas familiares que permiten que todos participen a su propio ritmo, creando recuerdos compartidos en un entorno seguro y espectacular.<\/p>\n<p>Las actividades se adaptan a la composici\u00f3n del grupo y hay opciones pet-friendly disponibles en algunas secciones del r\u00edo.<\/p>\n<h2>Grupos de Amigos<\/h2>\n<p>Ya sea que est\u00e9n planeando unas vacaciones activas, una celebraci\u00f3n o simplemente tiempo al aire libre juntos, te ayudamos a aprovechar al m\u00e1ximo tu estancia en Bovec.<\/p>\n<p>Desde actividades en el r\u00edo hasta aventuras en la monta\u00f1a, los programas pueden personalizarse completamente para adaptarse a la energ\u00eda, intereses y agenda del grupo.<\/p>\n<p>Hay disponibles experiencias privadas y d\u00edas con m\u00faltiples actividades.<\/p>\n<h2>Actividades en Todo el Valle del So\u010da<\/h2>\n<p>Adem\u00e1s de nuestras actividades principales en el r\u00edo y de bienestar, tambi\u00e9n podemos ayudar a organizar:<br \/>\n* Ca\u00f1onismo<br \/>\n* Parapente<br \/>\n* Paracaidismo<br \/>\n* Caminatas y experiencias alpinas<br \/>\nSauna y sesiones de recuperaci\u00f3n<\/p>\n<p>Todas las actividades externas se organizan con socios locales experimentados para garantizar calidad y seguridad.<\/p>\n<h2>\u00bfPor Qu\u00e9 Paddle So\u010da para Grupos?<\/h2>\n<p>* Gu\u00edas certificados y con experiencia<br \/>\n* Altos est\u00e1ndares de seguridad<br \/>\n* Programas privados y personalizados<br \/>\n* Amplia red local en el Valle del So\u010da<br \/>\n* Actividades para diferentes edades y niveles de condici\u00f3n f\u00edsica<\/p>\n<h2>Planifica tu Experiencia en Grupo<\/h2>\n<p>Cu\u00e9ntanos sobre tu grupo, tus fechas y tus ideas.<br \/>\nTe ayudaremos a dise\u00f1ar la experiencia perfecta en Bovec y el Valle del So\u010da.<\/p>\n\n\t\t<\/div>\n\t<\/div>\n<\/div><\/div><\/div><div class=\"wpb_column vc_column_container vc_col-sm-2\"><div class=\"vc_column-inner\"><div class=\"wpb_wrapper\"><\/div><\/div><\/div><\/div>\n<\/div>","protected":false},"excerpt":{"rendered":"Group Adventures in the So\u010da Valley Paddle So\u010da designs and operates outdoor experiences for groups visiting the So\u010da Valley. We work with companies, schools, families and groups of friends, creating well-organized programs that combine water activities, mountain experiences and recovery, always adapted to the group\u2019s needs. While rafting, kayaking and yoga are at the heart [...]","protected":false},"author":1,"featured_media":0,"parent":0,"menu_order":0,"comment_status":"closed","ping_status":"closed","template":"page-blank.php","meta":{"footnotes":""},"class_list":["post-432","page","type-page","status-publish","hentry"],"_links":{"self":[{"href":"https:\/\/paddlesoca.com\/es\/wp-json\/wp\/v2\/pages\/432","targetHints":{"allow":["GET"]}}],"collection":[{"href":"https:\/\/paddlesoca.com\/es\/wp-json\/wp\/v2\/pages"}],"about":[{"href":"https:\/\/paddlesoca.com\/es\/wp-json\/wp\/v2\/types\/page"}],"author":[{"embeddable":true,"href":"https:\/\/paddlesoca.com\/es\/wp-json\/wp\/v2\/users\/1"}],"replies":[{"embeddable":true,"href":"https:\/\/paddlesoca.com\/es\/wp-json\/wp\/v2\/comments?post=432"}],"version-history":[{"count":0,"href":"https:\/\/paddlesoca.com\/es\/wp-json\/wp\/v2\/pages\/432\/revisions"}],"wp:attachment":[{"href":"https:\/\/paddlesoca.com\/es\/wp-json\/wp\/v2\/media?parent=432"}],"curies":[{"name":"wp","href":"https:\/\/api.w.org\/{rel}","templated":true}]}}