{"id":272,"date":"2018-10-25T10:23:38","date_gmt":"2018-10-25T10:23:38","guid":{"rendered":"https:\/\/themes.themeenergy.com\/bookyourtravel\/tour-operator\/?page_id=272"},"modified":"2026-03-12T14:07:29","modified_gmt":"2026-03-12T14:07:29","slug":"about-us","status":"publish","type":"page","link":"https:\/\/paddlesoca.com\/it\/about-us\/","title":{"rendered":"Chi siamo"},"content":{"rendered":"<div class=\"wpb-content-wrapper\"><div data-vc-full-width=\"true\" data-vc-full-width-temp=\"true\" data-vc-full-width-init=\"false\" class=\"vc_row wpb_row vc_row-fluid vc_custom_1772596077494 vc_row-has-fill\"><div class=\"wpb_column vc_column_container vc_col-sm-12\"><div class=\"vc_column-inner\"><div class=\"wpb_wrapper\"><div class=\"vc_empty_space\"   style=\"height: 500px\"><span class=\"vc_empty_space_inner\"><\/span><\/div><\/div><\/div><\/div><\/div><div class=\"vc_row-full-width vc_clearfix\"><\/div><div data-vc-full-width=\"true\" data-vc-full-width-temp=\"true\" data-vc-full-width-init=\"false\" class=\"vc_row wpb_row vc_row-fluid vc_custom_1540470822946 vc_row-has-fill\"><div class=\"wpb_column vc_column_container vc_col-sm-12\"><div class=\"vc_column-inner\"><div class=\"wpb_wrapper\">\n\t<div class=\"wpb_text_column wpb_content_element\" >\n\t\t<div class=\"wpb_wrapper\">\n\t\t\t<h2>Chi siamo<\/h2>\n<p>At Paddle So\u010da, adventure is not a business idea\u2014it is our life. We are a true paddling family and professional adventure team with deep roots in the international kayaking and rafting world. With more than 15 years of experience guiding, teaching, and paddling whitewater across Europe, America and Asia , we chose Bovec and the So\u010da Valley as our home because it represents everything we love: crystal-clear water, Alpine wilderness, safe adventure, and an authentic outdoor spirit.<\/p>\n<p>Il fiume So\u010da \u00e8 una delle destinazioni pi\u00f9 iconiche per le acque bianche in Europa. Le sue acque verde smeraldo, i suoi paesaggi alpini e le sue rapide di livello mondiale sono state protagoniste di film, spot pubblicitari e produzioni d'avventura, tra cui \u201cLe cronache di Narnia II\u201d. Ma per noi l'Isonzo \u00e8 molto pi\u00f9 di un fiume famoso: \u00e8 un luogo di connessione, rispetto e passione.<\/p>\n<p>Our team is made of real kayakers and professional river guides, people who truly live this sport every single day. We are not a company created by investors or people who one day decided to \u201copen a rafting business.\u201d Paddle So\u010da is operated by paddlers who understand currents, waves, safety, hydrology, and river culture. We know what it feels like to learn, to improve, to face challenges on the water, and to celebrate every success. That experience shapes how we teach, how we guide, and how we care for every guest.<\/p>\n<p>Safety is always our priority. All our activities are guided by certified and highly experienced instructors and rafting guides, using top-quality equipment and professional standards. Whether you are a complete beginner, a family with kids, a couple looking for adventure, or a passionate whitewater paddler, we create experiences that are fun, educational, and safe.<\/p>\n<p>At Paddle So\u010da, we believe that adventure should also respect nature. The So\u010da River is one of the most beautiful ecosystems in Europe, and we are committed to protecting it while helping people experience it in a conscious way. When you paddle with us, you are not just joining an activity\u2014you are becoming part of a responsible adventure community that loves and respects the Alpine environment.<\/p>\n<p>If you are looking for real whitewater spirit, professional guidance, unforgettable adventure, and genuine human connection, welcome to Paddle So\u010da\u2014your adventure center in the So\u010da Valley, Bovec, Slovenia.<\/p>\n\n\t\t<\/div>\n\t<\/div>\n<\/div><\/div><\/div><\/div><div class=\"vc_row-full-width vc_clearfix\"><\/div><div data-vc-full-width=\"true\" data-vc-full-width-temp=\"true\" data-vc-full-width-init=\"false\" class=\"vc_row wpb_row vc_row-fluid vc_custom_1540470841332\"><div class=\"wpb_column vc_column_container vc_col-sm-4\"><div class=\"vc_column-inner\"><div class=\"wpb_wrapper\"><div class=\"widget widget-sidebar\">\t\t\t<article class=\"byt_address_widget BookYourTravel_Address_Widget\">\n\t\t\t\t\t\t\t\t<h6>Paddle So\u010da<\/h6>\n\t\t\t\t\t\t\t\t\t\t\t\t<p class=\"translation-block\"><em><i class=\"material-icons md-16\">place<\/i><\/em> Bovec, Slovenia<\/p>\n\t\t\t\t\t\t\t\t\t\t\t\t<p><em><i class=\"material-icons md-16\">chiamata<\/i><\/em> +386 (0)41 475 462<\/p>\n\t\t\t\t\t\t\t\t\t\t\t\t<p><em><i class=\"material-icons md-16\">e-mail<\/i><\/em> <a href=\"mailto:info@paddlesoca.com\" title=\"info@paddlesoca.com\">info@paddlesoca.com<\/a><\/p>\n\t\t\t\t\t\t\t<\/article>\n\t\t<\/div>\n\t<div class=\"wpb_text_column wpb_content_element\" >\n\t\t<div class=\"wpb_wrapper\">\n\t\t\t<h2>Send us a message<\/h2>\n<p class=\"translation-block\">Need help choosing an activity or planning your stay in the So\u010da Valley?<br>\r\nContact us \u2014 our team will help you find the best option quickly and easily.<\/p>\n\n\t\t<\/div>\n\t<\/div>\n<\/div><\/div><\/div><div class=\"wpb_column vc_column_container vc_col-sm-8\"><div class=\"vc_column-inner vc_custom_1540471111101\"><div class=\"wpb_wrapper\">\n<div class=\"wpcf7 no-js\" id=\"wpcf7-f271-o1\" lang=\"en-US\" dir=\"ltr\" data-wpcf7-id=\"271\">\n<div class=\"screen-reader-response\"><p role=\"status\" aria-live=\"polite\" aria-atomic=\"true\"><\/p> <ul><\/ul><\/div>\n<form action=\"\/it\/wp-json\/wp\/v2\/pages\/272#wpcf7-f271-o1\" method=\"post\" class=\"wpcf7-form init\" aria-label=\"Contact form\" novalidate=\"novalidate\" data-status=\"init\" data-trp-original-action=\"\/it\/wp-json\/wp\/v2\/pages\/272#wpcf7-f271-o1\">\n<fieldset class=\"hidden-fields-container\"><input type=\"hidden\" name=\"_wpcf7\" value=\"271\" \/><input type=\"hidden\" name=\"_wpcf7_version\" value=\"6.1.5\" \/><input type=\"hidden\" name=\"_wpcf7_locale\" value=\"en_US\" \/><input type=\"hidden\" name=\"_wpcf7_unit_tag\" value=\"wpcf7-f271-o1\" \/><input type=\"hidden\" name=\"_wpcf7_container_post\" value=\"0\" \/><input type=\"hidden\" name=\"_wpcf7_posted_data_hash\" value=\"\" \/>\n<\/fieldset>\n<div class=\"uacf7-form-wrapper-container uacf7-form-271\"><label>Your Name *<\/label><span class=\"wpcf7-form-control-wrap\" data-name=\"your-name\"><input size=\"40\" maxlength=\"400\" class=\"wpcf7-form-control wpcf7-text wpcf7-validates-as-required\" aria-required=\"true\" aria-invalid=\"false\" value=\"\" type=\"text\" name=\"your-name\" \/><\/span>\n<label>Your Email *<\/label><span class=\"wpcf7-form-control-wrap\" data-name=\"your-email\"><input size=\"40\" maxlength=\"400\" class=\"wpcf7-form-control wpcf7-email wpcf7-validates-as-required wpcf7-text wpcf7-validates-as-email\" aria-required=\"true\" aria-invalid=\"false\" value=\"\" type=\"email\" name=\"your-email\" \/><\/span>\n<label>Your Message<\/label><span class=\"wpcf7-form-control-wrap\" data-name=\"your-message\"><textarea cols=\"40\" rows=\"10\" maxlength=\"2000\" class=\"wpcf7-form-control wpcf7-textarea\" aria-invalid=\"false\" name=\"your-message\"><\/textarea><\/span> <\/label>\n<span class=\"wpcf7-form-control-wrap\" data-name=\"checkbox-902\"><span class=\"wpcf7-form-control wpcf7-checkbox wpcf7-validates-as-required\"><span class=\"wpcf7-list-item first last\"><input type=\"checkbox\" name=\"checkbox-902[]\" value=\"I have read and agree to the terms &amp; conditions\" \/><span class=\"wpcf7-list-item-label\">I have read and agree to the terms &amp; conditions<\/span><\/span><\/span><\/span>\n<input class=\"wpcf7-form-control wpcf7-submit has-spinner\" type=\"submit\" value=\"Send\" \/><\/div><div class=\"wpcf7-response-output\" aria-hidden=\"true\"><\/div>\n<input type=\"hidden\" name=\"trp-form-language\" value=\"it\"\/><\/form>\n<\/div>\n<\/div><\/div><\/div><\/div><div class=\"vc_row-full-width vc_clearfix\"><\/div><\/div>","protected":false},"excerpt":{"rendered":"About us At Paddle So\u010da, adventure is not a business idea\u2014it is our life. We are a true paddling family and professional adventure team with deep roots in the international kayaking and rafting world. With more than 15 years of experience guiding, teaching, and paddling whitewater across Europe, America and Asia , we chose Bovec [...]","protected":false},"author":1,"featured_media":0,"parent":0,"menu_order":0,"comment_status":"closed","ping_status":"closed","template":"page-blank.php","meta":{"footnotes":""},"class_list":["post-272","page","type-page","status-publish","hentry"],"_links":{"self":[{"href":"https:\/\/paddlesoca.com\/it\/wp-json\/wp\/v2\/pages\/272","targetHints":{"allow":["GET"]}}],"collection":[{"href":"https:\/\/paddlesoca.com\/it\/wp-json\/wp\/v2\/pages"}],"about":[{"href":"https:\/\/paddlesoca.com\/it\/wp-json\/wp\/v2\/types\/page"}],"author":[{"embeddable":true,"href":"https:\/\/paddlesoca.com\/it\/wp-json\/wp\/v2\/users\/1"}],"replies":[{"embeddable":true,"href":"https:\/\/paddlesoca.com\/it\/wp-json\/wp\/v2\/comments?post=272"}],"version-history":[{"count":1,"href":"https:\/\/paddlesoca.com\/it\/wp-json\/wp\/v2\/pages\/272\/revisions"}],"predecessor-version":[{"id":1219,"href":"https:\/\/paddlesoca.com\/it\/wp-json\/wp\/v2\/pages\/272\/revisions\/1219"}],"wp:attachment":[{"href":"https:\/\/paddlesoca.com\/it\/wp-json\/wp\/v2\/media?parent=272"}],"curies":[{"name":"wp","href":"https:\/\/api.w.org\/{rel}","templated":true}]}}