{"id":415,"date":"2019-04-24T09:34:48","date_gmt":"2019-04-24T09:34:48","guid":{"rendered":"https:\/\/themes.themeenergy.com\/bookyourtravel\/travel-tours\/?page_id=17"},"modified":"2026-03-04T19:39:55","modified_gmt":"2026-03-04T19:39:55","slug":"home-travel-tours","status":"publish","type":"page","link":"https:\/\/paddlesoca.com\/it\/","title":{"rendered":"Home Travel Tours"},"content":{"rendered":"<div class=\"wpb-content-wrapper\"><div class=\"vc_row wpb_row vc_row-fluid vc_custom_1767807585260\"><div class=\"wpb_column vc_column_container vc_col-sm-6\"><div class=\"vc_column-inner\"><div class=\"wpb_wrapper\">\n\t<div  class=\"wpb_single_image wpb_content_element vc_align_left wpb_content_element\">\n\t\t\n\t\t<figure class=\"wpb_wrapper vc_figure\">\n\t\t\t<div class=\"vc_single_image-wrapper vc_box_rounded  vc_box_border_grey\"><img fetchpriority=\"high\" decoding=\"async\" width=\"2560\" height=\"2048\" src=\"https:\/\/paddlesoca.com\/wp-content\/uploads\/2026\/01\/Soca-8-scaled.jpg\" class=\"vc_single_image-img attachment-full\" alt=\"\" title=\"Soca-8\" srcset=\"https:\/\/paddlesoca.com\/wp-content\/uploads\/2026\/01\/Soca-8-scaled.jpg 2560w, https:\/\/paddlesoca.com\/wp-content\/uploads\/2026\/01\/Soca-8-300x240.jpg 300w, https:\/\/paddlesoca.com\/wp-content\/uploads\/2026\/01\/Soca-8-1024x819.jpg 1024w, https:\/\/paddlesoca.com\/wp-content\/uploads\/2026\/01\/Soca-8-768x614.jpg 768w, https:\/\/paddlesoca.com\/wp-content\/uploads\/2026\/01\/Soca-8-1536x1229.jpg 1536w, https:\/\/paddlesoca.com\/wp-content\/uploads\/2026\/01\/Soca-8-2048x1638.jpg 2048w, https:\/\/paddlesoca.com\/wp-content\/uploads\/2026\/01\/Soca-8-600x480.jpg 600w\" sizes=\"(max-width: 2560px) 100vw, 2560px\" \/><\/div>\n\t\t<\/figure>\n\t<\/div>\n<\/div><\/div><\/div><div class=\"wpb_column vc_column_container vc_col-sm-6\"><div class=\"vc_column-inner\"><div class=\"wpb_wrapper\">\n\t<div class=\"wpb_text_column wpb_content_element\" >\n\t\t<div class=\"wpb_wrapper\">\n\t\t\t<h2><strong>Kayak da acqua bianca e kayak gonfiabili<\/strong><\/h2>\n<p>Whether you are a beginner discovering the kayak for the first time or an experienced paddler searching for your next challenge, the So\u010da River offers the ideal Alpine playground. Our kayaking programs focus on technique, safety, and confidence, allowing you to progress while enjoying crystal-clear water, exciting waves, and iconic So\u010da rapids.<\/p>\n<p>Con istruttori esperti e certificati, attrezzature di prima qualit\u00e0 e coaching personalizzato, questa \u00e8 la migliore esperienza europea di kayak in acque bianche a Bovec, in Slovenia.<\/p>\n\n\t\t<\/div>\n\t<\/div>\n<div class=\"vc_btn3-container  buttonshome vc_btn3-inline vc_custom_1771261103116 vc_do_btn\" ><a class=\"vc_general vc_btn3 vc_btn3-size-lg vc_btn3-shape-round vc_btn3-style-classic vc_btn3-color-warning\" href=\"https:\/\/paddlesoca.com\/it\/tour-tag\/kayaksingle\/\" title=\"\">Tutte le avventure in kayak<\/a><\/div>\n\t<div  class=\"wpb_single_image wpb_content_element vc_align_left wpb_content_element\">\n\t\t\n\t\t<figure class=\"wpb_wrapper vc_figure\">\n\t\t\t<div class=\"vc_single_image-wrapper   vc_box_border_grey\"><img decoding=\"async\" class=\"vc_single_image-img\" src=\"https:\/\/paddlesoca.com\/wp-content\/uploads\/2026\/02\/FREEP\u00b4HOTOS-315x163.png\" width=\"315\" height=\"163\" alt=\"FREEP\u00b4HOTOS\" title=\"FOTO LIBERE\" \/><\/div>\n\t\t<\/figure>\n\t<\/div>\n<\/div><\/div><\/div><\/div><div class=\"vc_row wpb_row vc_row-fluid\"><div class=\"wpb_column vc_column_container vc_col-sm-6\"><div class=\"vc_column-inner\"><div class=\"wpb_wrapper\">\n\t<div class=\"wpb_text_column wpb_content_element\" >\n\t\t<div class=\"wpb_wrapper\">\n\t\t\t<h2><strong>Rafting sul fiume Emerald So\u010da<\/strong><\/h2>\n<p>Vivete una delle pi\u00f9 belle avventure europee in acque bianche sul fiume So\u010da, famoso in tutto il mondo, a Bovec, in Slovenia. Circondati dallo splendido scenario alpino delle Alpi Giulie, i nostri viaggi di rafting combinano azione pura, spruzzi divertenti e natura mozzafiato. Perfette per famiglie, coppie, amici e amanti dell'avventura, le nostre guide certificate garantiscono la massima sicurezza mentre vi godete uno dei fiumi pi\u00f9 belli del pianeta.<\/p>\n<p>Scoprite il miglior rafting della Slovenia, proprio nel cuore della Valle dell'Isonzo.<\/p>\n\n\t\t<\/div>\n\t<\/div>\n<div class=\"vc_btn3-container  buttonshome vc_btn3-inline vc_do_btn\" ><a class=\"vc_general vc_btn3 vc_btn3-size-lg vc_btn3-shape-round vc_btn3-style-classic vc_btn3-color-warning\" href=\"https:\/\/paddlesoca.com\/it\/tour-tag\/ratingsingle\/\" title=\"\">Tutte le avventure di rafting<\/a><\/div>\n\t<div  class=\"wpb_single_image wpb_content_element vc_align_right wpb_content_element\">\n\t\t\n\t\t<figure class=\"wpb_wrapper vc_figure\">\n\t\t\t<div class=\"vc_single_image-wrapper   vc_box_border_grey\"><img decoding=\"async\" class=\"vc_single_image-img\" src=\"https:\/\/paddlesoca.com\/wp-content\/uploads\/2026\/02\/FREEP\u00b4HOTOS-315x163.png\" width=\"315\" height=\"163\" alt=\"FREEP\u00b4HOTOS\" title=\"FOTO LIBERE\" \/><\/div>\n\t\t<\/figure>\n\t<\/div>\n<\/div><\/div><\/div><div class=\"wpb_column vc_column_container vc_col-sm-6\"><div class=\"vc_column-inner\"><div class=\"wpb_wrapper\">\n\t<div  class=\"wpb_single_image wpb_content_element vc_align_left wpb_content_element\">\n\t\t\n\t\t<figure class=\"wpb_wrapper vc_figure\">\n\t\t\t<div class=\"vc_single_image-wrapper   vc_box_border_grey\"><img decoding=\"async\" width=\"1195\" height=\"778\" src=\"https:\/\/paddlesoca.com\/wp-content\/uploads\/2026\/02\/rafting.jpg\" class=\"vc_single_image-img attachment-full\" alt=\"\" title=\"rafting\" srcset=\"https:\/\/paddlesoca.com\/wp-content\/uploads\/2026\/02\/rafting.jpg 1195w, https:\/\/paddlesoca.com\/wp-content\/uploads\/2026\/02\/rafting-300x195.jpg 300w, https:\/\/paddlesoca.com\/wp-content\/uploads\/2026\/02\/rafting-1024x667.jpg 1024w, https:\/\/paddlesoca.com\/wp-content\/uploads\/2026\/02\/rafting-768x500.jpg 768w, https:\/\/paddlesoca.com\/wp-content\/uploads\/2026\/02\/rafting-600x391.jpg 600w\" sizes=\"(max-width: 1195px) 100vw, 1195px\" \/><\/div>\n\t\t<\/figure>\n\t<\/div>\n<\/div><\/div><\/div><\/div><div class=\"vc_row wpb_row vc_row-fluid vc_custom_1557824355992\"><div class=\"wpb_column vc_column_container vc_col-sm-3\"><div class=\"vc_column-inner\"><div class=\"wpb_wrapper\"><\/div><\/div><\/div><div class=\"wpb_column vc_column_container vc_col-sm-6\"><div class=\"vc_column-inner\"><div class=\"wpb_wrapper\"><div class=\"vc_icon_element vc_icon_element-outer vc_custom_1557823908354 vc_do_icon vc_icon_element-align-center\"><div class=\"vc_icon_element-inner vc_icon_element-color-custom vc_icon_element-size-lg vc_icon_element-style- vc_icon_element-background-color-grey\" ><span class=\"vc_icon_element-icon vc-material vc-material-favorite_border\" style=\"color:#333333 !important\"><\/span><\/div><\/div><h1 style=\"font-size: 37px;text-align: center\" class=\"vc_custom_heading vc_do_custom_heading vc_custom_1557824316629\" >I nostri tour pi\u00f9 popolari<\/h1><p style=\"font-size: 25px;color: #003580;line-height: 1;text-align: center;font-family:Satisfy;font-weight:400;font-style:normal\" class=\"vc_custom_heading vc_do_custom_heading\" >scegli la tua avventura<\/p><\/div><\/div><\/div><div class=\"wpb_column vc_column_container vc_col-sm-3\"><div class=\"vc_column-inner\"><div class=\"wpb_wrapper\"><\/div><\/div><\/div><\/div><div class=\"vc_row wpb_row vc_row-fluid\"><div class=\"wpb_column vc_column_container vc_col-sm-12\"><div class=\"vc_column-inner\"><div class=\"wpb_wrapper\"><div class=\"widget widget-sidebar\"><div class=\"s-title\"><h2><\/h2><\/div><div class=\"deals\"><div class=\"row\"><article data-tour-id=\"673\" class=\"tour_item one-fifth\"><div><a href=\"https:\/\/paddlesoca.com\/it\/tour\/3-day-river-experience\/\" title=\"River Experience &#8211; 3 Days\"><figure><img loading=\"lazy\" decoding=\"async\" width=\"400\" height=\"300\" src=\"https:\/\/paddlesoca.com\/wp-content\/uploads\/2026\/01\/DSC00971-400x300.jpeg\" class=\"attachment-thumbnail size-thumbnail wp-post-image\" alt=\"\" title=\"DSC00971\" \/><\/figure><\/a><div class=\"details\"><div class='item-header'><h3><a href=\"https:\/\/paddlesoca.com\/it\/tour\/3-day-river-experience\/\" title=\"River Experience &#8211; 3 Days\">River Experience &#8211; 3 Days<\/a><\/h3><\/div>\t\t<div class=\"item_price\" style=\"display:none\">\n\t\t\tFrom\t\t\t\t\t\t<span class=\"price\">\n\t\t\t\t<em>\n\t\t\t\t\t\t\t\t<span class=\"curr\"><\/span>\n\t\t\t\t<span class=\"amount\"><\/span>\n\t\t\t\t\t\t\t\t<\/em>\n\t\t\t<\/span>\n\t\t\t\t<\/div>\n\t\t<div class='post-type description'><\/div><div class='actions'><a href='https:\/\/paddlesoca.com\/it\/tour\/3-day-river-experience\/' class='gradient-button edit-entity'  data-id='673'  title='Book now'>Book now<\/a><\/div><\/div><!--\/\/details--><a href=\"https:\/\/paddlesoca.com\/it\/tour\/3-day-river-experience\/\" class=\"overlay-link\"><\/a><\/div><\/article><!--\/\/tour_item--><article data-tour-id=\"671\" class=\"tour_item one-fifth\"><div><a href=\"https:\/\/paddlesoca.com\/it\/tour\/3-day-adventure-river-mountains-option-a\/\" title=\"River &amp; Mountains &#8211; 3 Days\"><figure><img loading=\"lazy\" decoding=\"async\" width=\"400\" height=\"300\" src=\"https:\/\/paddlesoca.com\/wp-content\/uploads\/2026\/01\/FullSizeRender-1-400x300.jpeg\" class=\"attachment-thumbnail size-thumbnail wp-post-image\" alt=\"\" title=\"Rendering a grandezza naturale\" \/><\/figure><\/a><div class=\"details\"><div class='item-header'><h3><a href=\"https:\/\/paddlesoca.com\/it\/tour\/3-day-adventure-river-mountains-option-a\/\" title=\"River &amp; Mountains &#8211; 3 Days\">River &amp; Mountains &#8211; 3 Days<\/a><\/h3><\/div>\t\t<div class=\"item_price\" style=\"display:none\">\n\t\t\tFrom\t\t\t\t\t\t<span class=\"price\">\n\t\t\t\t<em>\n\t\t\t\t\t\t\t\t<span class=\"curr\"><\/span>\n\t\t\t\t<span class=\"amount\"><\/span>\n\t\t\t\t\t\t\t\t<\/em>\n\t\t\t<\/span>\n\t\t\t\t<\/div>\n\t\t<div class='post-type description'><\/div><div class='actions'><a href='https:\/\/paddlesoca.com\/it\/tour\/3-day-adventure-river-mountains-option-a\/' class='gradient-button edit-entity'  data-id='671'  title='Book now'>Book now<\/a><\/div><\/div><!--\/\/details--><a href=\"https:\/\/paddlesoca.com\/it\/tour\/3-day-adventure-river-mountains-option-a\/\" class=\"overlay-link\"><\/a><\/div><\/article><!--\/\/tour_item--><article data-tour-id=\"670\" class=\"tour_item one-fifth\"><div><a href=\"https:\/\/paddlesoca.com\/it\/tour\/paddle-flow-2-days\/\" title=\"Paddle &amp; Flow \u2013 2 Days\"><figure><img loading=\"lazy\" decoding=\"async\" width=\"400\" height=\"300\" src=\"https:\/\/paddlesoca.com\/wp-content\/uploads\/2026\/01\/IMG_2139-400x300.jpg\" class=\"attachment-thumbnail size-thumbnail wp-post-image\" alt=\"\" title=\"IMG_2139\" srcset=\"https:\/\/paddlesoca.com\/wp-content\/uploads\/2026\/01\/IMG_2139-400x300.jpg 400w, https:\/\/paddlesoca.com\/wp-content\/uploads\/2026\/01\/IMG_2139-300x225.jpg 300w, https:\/\/paddlesoca.com\/wp-content\/uploads\/2026\/01\/IMG_2139-1024x768.jpg 1024w, https:\/\/paddlesoca.com\/wp-content\/uploads\/2026\/01\/IMG_2139-768x576.jpg 768w, https:\/\/paddlesoca.com\/wp-content\/uploads\/2026\/01\/IMG_2139-1536x1152.jpg 1536w, https:\/\/paddlesoca.com\/wp-content\/uploads\/2026\/01\/IMG_2139-2048x1536.jpg 2048w, https:\/\/paddlesoca.com\/wp-content\/uploads\/2026\/01\/IMG_2139-600x450.jpg 600w\" sizes=\"(max-width: 400px) 100vw, 400px\" \/><\/figure><\/a><div class=\"details\"><div class='item-header'><h3><a href=\"https:\/\/paddlesoca.com\/it\/tour\/paddle-flow-2-days\/\" title=\"Paddle &amp; Flow \u2013 2 Days\">Pagaiare e scorrere - 2 giorni<\/a><\/h3><\/div>\t\t<div class=\"item_price\" style=\"display:none\">\n\t\t\tFrom\t\t\t\t\t\t<span class=\"price\">\n\t\t\t\t<em>\n\t\t\t\t\t\t\t\t<span class=\"curr\"><\/span>\n\t\t\t\t<span class=\"amount\"><\/span>\n\t\t\t\t\t\t\t\t<\/em>\n\t\t\t<\/span>\n\t\t\t\t<\/div>\n\t\t<div class='post-type description'><\/div><div class='actions'><a href='https:\/\/paddlesoca.com\/it\/tour\/paddle-flow-2-days\/' class='gradient-button edit-entity'  data-id='670'  title='Book now'>Book now<\/a><\/div><\/div><!--\/\/details--><a href=\"https:\/\/paddlesoca.com\/it\/tour\/paddle-flow-2-days\/\" class=\"overlay-link\"><\/a><\/div><\/article><!--\/\/tour_item--><article data-tour-id=\"669\" class=\"tour_item one-fifth\"><div><a href=\"https:\/\/paddlesoca.com\/it\/tour\/river-skills-2-days\/\" title=\"River Skills \u2013 2 Days\"><figure><img loading=\"lazy\" decoding=\"async\" width=\"400\" height=\"300\" src=\"https:\/\/paddlesoca.com\/wp-content\/uploads\/2026\/01\/IMG_0907-400x300.jpg\" class=\"attachment-thumbnail size-thumbnail wp-post-image\" alt=\"\" title=\"IMG_0907\" srcset=\"https:\/\/paddlesoca.com\/wp-content\/uploads\/2026\/01\/IMG_0907-400x300.jpg 400w, https:\/\/paddlesoca.com\/wp-content\/uploads\/2026\/01\/IMG_0907-300x225.jpg 300w, https:\/\/paddlesoca.com\/wp-content\/uploads\/2026\/01\/IMG_0907-1024x768.jpg 1024w, https:\/\/paddlesoca.com\/wp-content\/uploads\/2026\/01\/IMG_0907-768x576.jpg 768w, https:\/\/paddlesoca.com\/wp-content\/uploads\/2026\/01\/IMG_0907-1536x1152.jpg 1536w, https:\/\/paddlesoca.com\/wp-content\/uploads\/2026\/01\/IMG_0907-2048x1536.jpg 2048w, https:\/\/paddlesoca.com\/wp-content\/uploads\/2026\/01\/IMG_0907-600x450.jpg 600w\" sizes=\"(max-width: 400px) 100vw, 400px\" \/><\/figure><\/a><div class=\"details\"><div class='item-header'><h3><a href=\"https:\/\/paddlesoca.com\/it\/tour\/river-skills-2-days\/\" title=\"River Skills \u2013 2 Days\">River Skills \u2013 2 Days<\/a><\/h3><\/div>\t\t<div class=\"item_price\" style=\"display:none\">\n\t\t\tFrom\t\t\t\t\t\t<span class=\"price\">\n\t\t\t\t<em>\n\t\t\t\t\t\t\t\t<span class=\"curr\"><\/span>\n\t\t\t\t<span class=\"amount\"><\/span>\n\t\t\t\t\t\t\t\t<\/em>\n\t\t\t<\/span>\n\t\t\t\t<\/div>\n\t\t<div class='post-type description'><\/div><div class='actions'><a href='https:\/\/paddlesoca.com\/it\/tour\/river-skills-2-days\/' class='gradient-button edit-entity'  data-id='669'  title='Book now'>Book now<\/a><\/div><\/div><!--\/\/details--><a href=\"https:\/\/paddlesoca.com\/it\/tour\/river-skills-2-days\/\" class=\"overlay-link\"><\/a><\/div><\/article><!--\/\/tour_item--><article data-tour-id=\"668\" class=\"tour_item one-fifth\"><div><a href=\"https:\/\/paddlesoca.com\/it\/tour\/river-explorer-2-days\/\" title=\"Esploratore del fiume - 2 giorni\"><figure><img loading=\"lazy\" decoding=\"async\" width=\"400\" height=\"300\" src=\"https:\/\/paddlesoca.com\/wp-content\/uploads\/2026\/01\/sit-on-top-400x300.jpeg\" class=\"attachment-thumbnail size-thumbnail wp-post-image\" alt=\"\" title=\"seduto su un piano\" \/><\/figure><\/a><div class=\"details\"><div class='item-header'><h3><a href=\"https:\/\/paddlesoca.com\/it\/tour\/river-explorer-2-days\/\" title=\"Esploratore del fiume - 2 giorni\">Esploratore del fiume - 2 giorni<\/a><\/h3><\/div>\t\t<div class=\"item_price\" style=\"display:none\">\n\t\t\tFrom\t\t\t\t\t\t<span class=\"price\">\n\t\t\t\t<em>\n\t\t\t\t\t\t\t\t<span class=\"curr\"><\/span>\n\t\t\t\t<span class=\"amount\"><\/span>\n\t\t\t\t\t\t\t\t<\/em>\n\t\t\t<\/span>\n\t\t\t\t<\/div>\n\t\t<div class='post-type description'><\/div><div class='actions'><a href='https:\/\/paddlesoca.com\/it\/tour\/river-explorer-2-days\/' class='gradient-button edit-entity'  data-id='668'  title='Book now'>Book now<\/a><\/div><\/div><!--\/\/details--><a href=\"https:\/\/paddlesoca.com\/it\/tour\/river-explorer-2-days\/\" class=\"overlay-link\"><\/a><\/div><\/article><!--\/\/tour_item--><\/div><!--row--><\/div><!--deals--><\/div><\/div><\/div><\/div><\/div><div data-vc-full-width=\"true\" data-vc-full-width-temp=\"true\" data-vc-full-width-init=\"false\" data-vc-stretch-content=\"true\" class=\"vc_row wpb_row vc_row-fluid vc_custom_1768836443247 vc_row-has-fill\"><div class=\"wpb_column vc_column_container vc_col-sm-3\"><div class=\"vc_column-inner\"><div class=\"wpb_wrapper\"><\/div><\/div><\/div><div class=\"wpb_column vc_column_container vc_col-sm-6\"><div class=\"vc_column-inner\"><div class=\"wpb_wrapper\">\n\t<div  class=\"wpb_single_image wpb_content_element vc_align_center wpb_content_element wpb_animate_when_almost_visible wpb_zoomInUp zoomInUp vc_custom_1770829924372\">\n\t\t\n\t\t<figure class=\"wpb_wrapper vc_figure\">\n\t\t\t<div class=\"vc_single_image-wrapper   vc_box_border_grey\"><img loading=\"lazy\" decoding=\"async\" width=\"300\" height=\"178\" src=\"https:\/\/paddlesoca.com\/wp-content\/uploads\/2026\/01\/cropped-IMG_2099-300x178.png\" class=\"vc_single_image-img attachment-medium\" alt=\"\" title=\"ritagliato-IMG_2099.png\" srcset=\"https:\/\/paddlesoca.com\/wp-content\/uploads\/2026\/01\/cropped-IMG_2099-300x178.png 300w, https:\/\/paddlesoca.com\/wp-content\/uploads\/2026\/01\/cropped-IMG_2099-600x356.png 600w, https:\/\/paddlesoca.com\/wp-content\/uploads\/2026\/01\/cropped-IMG_2099.png 675w\" sizes=\"(max-width: 300px) 100vw, 300px\" \/><\/div>\n\t\t<\/figure>\n\t<\/div>\n<\/div><\/div><\/div><div class=\"wpb_column vc_column_container vc_col-sm-3\"><div class=\"vc_column-inner vc_custom_1770390653983\"><div class=\"wpb_wrapper\"><\/div><\/div><\/div><\/div><div class=\"vc_row-full-width vc_clearfix\"><\/div><div class=\"vc_row wpb_row vc_row-fluid vc_custom_1557824652572\"><div class=\"wpb_column vc_column_container vc_col-sm-3\"><div class=\"vc_column-inner\"><div class=\"wpb_wrapper\"><\/div><\/div><\/div><div class=\"wpb_column vc_column_container vc_col-sm-6\"><div class=\"vc_column-inner\"><div class=\"wpb_wrapper\"><div class=\"vc_icon_element vc_icon_element-outer vc_custom_1767892612428 vc_do_icon vc_icon_element-align-center\"><div class=\"vc_icon_element-inner vc_icon_element-color-custom vc_icon_element-size-lg vc_icon_element-style- vc_icon_element-background-color-grey\" ><span class=\"vc_icon_element-icon vc-material vc-material-terrain\" style=\"color:#003580 !important\"><\/span><\/div><\/div><h1 style=\"font-size: 37px;text-align: center\" class=\"vc_custom_heading vc_do_custom_heading vc_custom_1767892426794\" >Chi siamo<\/h1><p style=\"font-size: 25px;color: #003580;line-height: 1;text-align: center;font-family:Satisfy;font-weight:400;font-style:normal\" class=\"vc_custom_heading vc_do_custom_heading\" >esploriamo il mondo<\/p><\/div><\/div><\/div><div class=\"wpb_column vc_column_container vc_col-sm-3\"><div class=\"vc_column-inner\"><div class=\"wpb_wrapper\"><\/div><\/div><\/div><\/div><div class=\"vc_row wpb_row vc_row-fluid vc_custom_1767902070488 vc_row-has-fill\"><div class=\"wpb_column vc_column_container vc_col-sm-6\"><div class=\"vc_column-inner\"><div class=\"wpb_wrapper\">\n\t<div class=\"wpb_text_column wpb_content_element\" >\n\t\t<div class=\"wpb_wrapper\">\n\t\t\t<h2><strong>Per Paddle So\u010da, l'avventura non \u00e8 un'idea commerciale: \u00e8 la nostra vita.<\/strong><\/h2>\n<p>Siamo una vera famiglia di canoisti e un team di professionisti dell'avventura con radici profonde nel mondo del kayak e del rafting internazionale. Con oltre 15 anni di esperienza nella guida, nell'insegnamento e nella pagaiata in acque bianche in Europa, America e Asia, abbiamo scelto Bovec e la Valle dell'Isonzo come nostra casa perch\u00e9 rappresenta tutto ci\u00f2 che amiamo: acqua cristallina, natura selvaggia alpina, avventura sicura e un autentico spirito outdoor.<\/p>\n<p>Il fiume So\u010da \u00e8 una delle destinazioni pi\u00f9 iconiche per le acque bianche in Europa. Le sue acque verde smeraldo, i suoi paesaggi alpini e le sue rapide di livello mondiale sono state protagoniste di film, spot pubblicitari e produzioni d'avventura, tra cui \u201cLe cronache di Narnia II\u201d. Ma per noi l'Isonzo \u00e8 molto pi\u00f9 di un fiume famoso: \u00e8 un luogo di connessione, rispetto e passione.<\/p>\n\n\t\t<\/div>\n\t<\/div>\n<div class=\"vc_btn3-container  buttonshome vc_btn3-inline vc_do_btn\" ><a class=\"vc_general vc_btn3 vc_btn3-size-lg vc_btn3-shape-round vc_btn3-style-classic vc_btn3-color-warning\" href=\"https:\/\/paddlesoca.com\/it\/about-us-2\/\" title=\"Chi siamo\">Per saperne di pi\u00f9<\/a><\/div><\/div><\/div><\/div><div class=\"wpb_column vc_column_container vc_col-sm-6\"><div class=\"vc_column-inner\"><div class=\"wpb_wrapper\">\n\t<div  class=\"wpb_single_image wpb_content_element vc_align_center wpb_content_element vc_custom_1767902160533\">\n\t\t\n\t\t<figure class=\"wpb_wrapper vc_figure\">\n\t\t\t<div class=\"vc_single_image-wrapper   vc_box_border_grey\"><img loading=\"lazy\" decoding=\"async\" width=\"600\" height=\"768\" src=\"https:\/\/paddlesoca.com\/wp-content\/uploads\/2026\/01\/soca2.jpg\" class=\"vc_single_image-img attachment-full\" alt=\"\" title=\"soca2\" srcset=\"https:\/\/paddlesoca.com\/wp-content\/uploads\/2026\/01\/soca2.jpg 600w, https:\/\/paddlesoca.com\/wp-content\/uploads\/2026\/01\/soca2-234x300.jpg 234w\" sizes=\"(max-width: 600px) 100vw, 600px\" \/><\/div>\n\t\t<\/figure>\n\t<\/div>\n<\/div><\/div><\/div><\/div><div data-vc-full-width=\"true\" data-vc-full-width-temp=\"true\" data-vc-full-width-init=\"false\" data-vc-stretch-content=\"true\" class=\"vc_row wpb_row vc_row-fluid vc_custom_1771517268082 vc_row-has-fill\"><div class=\"wpb_column vc_column_container vc_col-sm-3\"><div class=\"vc_column-inner\"><div class=\"wpb_wrapper\"><\/div><\/div><\/div><div class=\"wpb_column vc_column_container vc_col-sm-6\"><div class=\"vc_column-inner\"><div class=\"wpb_wrapper\">\n\t<div class=\"wpb_text_column wpb_content_element\" >\n\t\t<div class=\"wpb_wrapper\">\n\t\t\t<h5 style=\"text-align: center;\"><span style=\"color: #ffffff;\">\u201cIo e mia moglie siamo andati a fare kayak d'acqua bianca per 3 giorni e siamo rimasti per 5 hahaha, abbiamo pagaiato con Carlos, \u00e8 una guida e un insegnante davvero bravo, era attento e ci mostrava sempre modi nuovi o migliori per muoversi sul fiume e mi ha anche portato a Tomlin quando ho avuto qualche problema medico a Bovec. Raccomando pienamente Paddle So\u010da e se potr\u00f2 torner\u00f2\u201d.\u201d<\/span><\/h5>\n<p style=\"text-align: center;\"><span style=\"color: #ffffff;\"><strong>- Tomas Mar\u00edn<\/strong><\/span><\/p>\n\n\t\t<\/div>\n\t<\/div>\n<\/div><\/div><\/div><div class=\"wpb_column vc_column_container vc_col-sm-3\"><div class=\"vc_column-inner\"><div class=\"wpb_wrapper\"><\/div><\/div><\/div><\/div><div class=\"vc_row-full-width vc_clearfix\"><\/div><\/div>","protected":false},"excerpt":{"rendered":"","protected":false},"author":1,"featured_media":0,"parent":0,"menu_order":0,"comment_status":"closed","ping_status":"closed","template":"page-blank.php","meta":{"footnotes":""},"class_list":["post-415","page","type-page","status-publish","hentry"],"_links":{"self":[{"href":"https:\/\/paddlesoca.com\/it\/wp-json\/wp\/v2\/pages\/415","targetHints":{"allow":["GET"]}}],"collection":[{"href":"https:\/\/paddlesoca.com\/it\/wp-json\/wp\/v2\/pages"}],"about":[{"href":"https:\/\/paddlesoca.com\/it\/wp-json\/wp\/v2\/types\/page"}],"author":[{"embeddable":true,"href":"https:\/\/paddlesoca.com\/it\/wp-json\/wp\/v2\/users\/1"}],"replies":[{"embeddable":true,"href":"https:\/\/paddlesoca.com\/it\/wp-json\/wp\/v2\/comments?post=415"}],"version-history":[{"count":0,"href":"https:\/\/paddlesoca.com\/it\/wp-json\/wp\/v2\/pages\/415\/revisions"}],"wp:attachment":[{"href":"https:\/\/paddlesoca.com\/it\/wp-json\/wp\/v2\/media?parent=415"}],"curies":[{"name":"wp","href":"https:\/\/api.w.org\/{rel}","templated":true}]}}