{"id":432,"date":"2019-05-15T07:50:54","date_gmt":"2019-05-15T07:50:54","guid":{"rendered":"https:\/\/themes.themeenergy.com\/bookyourtravel\/travel-tours\/?page_id=387"},"modified":"2026-03-03T15:18:35","modified_gmt":"2026-03-03T15:18:35","slug":"about-us-2","status":"publish","type":"page","link":"https:\/\/paddlesoca.com\/it\/about-us-2\/","title":{"rendered":"Gruppi"},"content":{"rendered":"<div class=\"wpb-content-wrapper\"><div data-vc-full-width=\"true\" data-vc-full-width-temp=\"true\" data-vc-full-width-init=\"false\" data-vc-stretch-content=\"true\" class=\"vc_row wpb_row vc_row-fluid vc_custom_1771601352947 vc_row-has-fill vc_row-no-padding\"><div class=\"wpb_column vc_column_container vc_col-sm-12\"><div class=\"vc_column-inner\"><div class=\"wpb_wrapper\"><\/div><\/div><\/div><\/div><div class=\"vc_row-full-width vc_clearfix\"><\/div><div class=\"vc_row wpb_row vc_row-fluid vc_custom_1557914445778 vc_row-has-fill\"><div class=\"wpb_column vc_column_container vc_col-sm-2\"><div class=\"vc_column-inner\"><div class=\"wpb_wrapper\"><\/div><\/div><\/div><div class=\"wpb_column vc_column_container vc_col-sm-8\"><div class=\"vc_column-inner\"><div class=\"wpb_wrapper\">\n\t<div class=\"wpb_text_column wpb_content_element vc_custom_1772551109340\" >\n\t\t<div class=\"wpb_wrapper\">\n\t\t\t<h2>Avventure di gruppo nella Valle dell'Isonzo<\/h2>\n<p>Paddle So\u010da progetta e gestisce esperienze all'aperto per gruppi che visitano la Valle dell'Isonzo.<\/p>\n<p>Lavoriamo con aziende, scuole, famiglie e gruppi di amici, creando programmi ben organizzati che combinano attivit\u00e0 acquatiche, esperienze in montagna e recupero, sempre adattati alle esigenze del gruppo.<\/p>\n<p>Se il rafting, il kayak e lo yoga sono il cuore di ci\u00f2 che facciamo, aiutiamo anche i gruppi ad accedere ad altre attivit\u00e0 iconiche della valle attraverso partner locali di fiducia.<\/p>\n<h2>Team building aziendale e gruppi aziendali<\/h2>\n<p>Le esperienze all'aria aperta sono un potente strumento per creare fiducia, comunicazione e lavoro di squadra. I nostri programmi di team building utilizzano l'ambiente naturale della Valle dell'Isonzo per incoraggiare la collaborazione, la risoluzione dei problemi e la condivisione dei risultati.<\/p>\n<p>I programmi possono includere rafting, kayak, yoga, sessioni di recupero e attivit\u00e0 selezionate nella valle come il canyoning o altre esperienze all'aperto, a seconda degli obiettivi del gruppo.<\/p>\n<p>Sono disponibili programmi di mezza giornata, giornata intera e pi\u00f9 giorni, con orari flessibili e logistica privata.<\/p>\n<h2>Gruppi scolastici ed educativi<\/h2>\n<p>Offriamo programmi all'aperto sicuri, strutturati e coinvolgenti per gruppi scolastici ed educativi.<br \/>\nLe attivit\u00e0 si concentrano sul lavoro di squadra, la fiducia, il rispetto per la natura e la consapevolezza di base del fiume, il tutto condotto da guide certificate e addestrate al salvataggio in swiftwater e al primo soccorso.<\/p>\n<p>I programmi sono adattati all'et\u00e0, alle dimensioni del gruppo e agli obiettivi di apprendimento.<br \/>\nLa Valle dell'Isonzo offre un'aula all'aperto unica nel suo genere, che combina avventura, natura ed educazione.<\/p>\n<h2>Famiglie numerose<\/h2>\n<p>La Valle dell'Isonzo \u00e8 una destinazione perfetta per viaggi multigenerazionali.<br \/>\nProgettiamo programmi adatti alle famiglie che consentono a tutti di partecipare al proprio ritmo, creando ricordi condivisi in un ambiente sicuro e panoramico.<\/p>\n<p>Le attivit\u00e0 sono adattate alla composizione del gruppo e sono disponibili opzioni per animali domestici su tratti fluviali selezionati.<\/p>\n<h2>Gruppi di amici<\/h2>\n<p>Che stiate pianificando una vacanza attiva, una festa o semplicemente del tempo all'aria aperta, vi aiutiamo a sfruttare al meglio il vostro soggiorno a Bovec.<\/p>\n<p>Dalle attivit\u00e0 sul fiume alle avventure in montagna, i programmi possono essere completamente personalizzati per soddisfare l'energia, gli interessi e il programma del vostro gruppo.<\/p>\n<p>Sono disponibili esperienze private e giornate multiattivit\u00e0.<\/p>\n<h2>Attivit\u00e0 nella Valle dell'Isonzo<\/h2>\n<p>Oltre alle nostre attivit\u00e0 fluviali e di benessere, possiamo aiutarvi a organizzare:<br \/>\n* Canyoning<br \/>\n* Parapendio<br \/>\n* Skydiving<br \/>\n* Trekking ed esperienze alpine<br \/>\n* Sessioni di sauna e recupero<\/p>\n<p>Tutte le attivit\u00e0 esterne sono organizzate con partner locali esperti per garantire qualit\u00e0 e sicurezza.<\/p>\n<h2>Perch\u00e9 pagaiare l'Isonzo per gruppi?<\/h2>\n<p>* Guide certificate ed esperte<br \/>\n* Elevati standard di sicurezza<br \/>\n* Programmi privati e personalizzati<br \/>\n* Forte rete locale nella Valle dell'Isonzo.<br \/>\n* Attivit\u00e0 per diverse et\u00e0 e livelli di fitness<\/p>\n<h2>Pianificate la vostra esperienza di gruppo<\/h2>\n<p>Parlaci del tuo gruppo, delle date e delle idee.<br \/>\nVi aiuteremo a costruire la giusta esperienza a Bovec e nella Valle dell'Isonzo.<\/p>\n\n\t\t<\/div>\n\t<\/div>\n<\/div><\/div><\/div><div class=\"wpb_column vc_column_container vc_col-sm-2\"><div class=\"vc_column-inner\"><div class=\"wpb_wrapper\"><\/div><\/div><\/div><\/div>\n<\/div>","protected":false},"excerpt":{"rendered":"Group Adventures in the So\u010da Valley Paddle So\u010da designs and operates outdoor experiences for groups visiting the So\u010da Valley. We work with companies, schools, families and groups of friends, creating well-organized programs that combine water activities, mountain experiences and recovery, always adapted to the group\u2019s needs. While rafting, kayaking and yoga are at the heart [...]","protected":false},"author":1,"featured_media":0,"parent":0,"menu_order":0,"comment_status":"closed","ping_status":"closed","template":"page-blank.php","meta":{"footnotes":""},"class_list":["post-432","page","type-page","status-publish","hentry"],"_links":{"self":[{"href":"https:\/\/paddlesoca.com\/it\/wp-json\/wp\/v2\/pages\/432","targetHints":{"allow":["GET"]}}],"collection":[{"href":"https:\/\/paddlesoca.com\/it\/wp-json\/wp\/v2\/pages"}],"about":[{"href":"https:\/\/paddlesoca.com\/it\/wp-json\/wp\/v2\/types\/page"}],"author":[{"embeddable":true,"href":"https:\/\/paddlesoca.com\/it\/wp-json\/wp\/v2\/users\/1"}],"replies":[{"embeddable":true,"href":"https:\/\/paddlesoca.com\/it\/wp-json\/wp\/v2\/comments?post=432"}],"version-history":[{"count":0,"href":"https:\/\/paddlesoca.com\/it\/wp-json\/wp\/v2\/pages\/432\/revisions"}],"wp:attachment":[{"href":"https:\/\/paddlesoca.com\/it\/wp-json\/wp\/v2\/media?parent=432"}],"curies":[{"name":"wp","href":"https:\/\/api.w.org\/{rel}","templated":true}]}}