{"id":272,"date":"2018-10-25T10:23:38","date_gmt":"2018-10-25T10:23:38","guid":{"rendered":"https:\/\/themes.themeenergy.com\/bookyourtravel\/tour-operator\/?page_id=272"},"modified":"2026-03-12T14:07:29","modified_gmt":"2026-03-12T14:07:29","slug":"about-us","status":"publish","type":"page","link":"https:\/\/paddlesoca.com\/sl\/about-us\/","title":{"rendered":"O nas"},"content":{"rendered":"<div class=\"wpb-content-wrapper\"><div data-vc-full-width=\"true\" data-vc-full-width-temp=\"true\" data-vc-full-width-init=\"false\" class=\"vc_row wpb_row vc_row-fluid vc_custom_1772596077494 vc_row-has-fill\"><div class=\"wpb_column vc_column_container vc_col-sm-12\"><div class=\"vc_column-inner\"><div class=\"wpb_wrapper\"><div class=\"vc_empty_space\"   style=\"height: 500px\"><span class=\"vc_empty_space_inner\"><\/span><\/div><\/div><\/div><\/div><\/div><div class=\"vc_row-full-width vc_clearfix\"><\/div><div data-vc-full-width=\"true\" data-vc-full-width-temp=\"true\" data-vc-full-width-init=\"false\" class=\"vc_row wpb_row vc_row-fluid vc_custom_1540470822946 vc_row-has-fill\"><div class=\"wpb_column vc_column_container vc_col-sm-12\"><div class=\"vc_column-inner\"><div class=\"wpb_wrapper\">\n\t<div class=\"wpb_text_column wpb_content_element\" >\n\t\t<div class=\"wpb_wrapper\">\n\t\t\t<h2>O nas<\/h2>\n<p>Pri nas aktivnosti na So\u010di niso le slu\u017eba \u2013 je na\u010din \u017eivljenja. Smo prava kajaka\u0161ka dru\u017eina in profesionalna pustolovska ekipa z globokimi koreninami v mednarodnem kajaka\u0161kem in rafting svetu. Z ve\u010d kot 15 leti izku\u0161enj v vodenju, pou\u010devanju in veslanju po divjih vodah Evrope, Amerike in Azije smo za svoj dom izbrali v Bovcu in dolini So\u010de \u2013 kraju, ki zdru\u017euje vse, kar obo\u017eujemo: kristalno \u010disto vodo, alpsko divjino, varno pustolov\u0161\u010dino in pristen duh narave.<\/p>\n<p>So\u010da je ena najbolj znanih rek za vodne aktivnosti v Evropi. Njena smaragdno zelena barva, alpska pokrajina in brzice navdu\u0161ujejo ustvarjalce filmov ter oglasov - na So\u010di so posneli '' Zgodbe iz Narnije II'''. A za nas je So\u010da mnogo ve\u010d kot le slavna reka \u2013 je kraj povezanosti, spo\u0161tovanja in strasti, kjer vsak spust po reki postane nepozabno do\u017eivetje.<\/p>\n<p>Na\u0161o ekipo sestavljajo strastni kajaka\u0161i in profesionalni vodniki rafta ter drugi aktivnosti, ljudje, ki vsak dan resni\u010dno \u017eivijo ta \u0161port.<\/p>\n<p>Varnost je vedno na prvem mestu. Vse na\u0161e dejavnosti vodijo izku\u0161eni vodi\u010di z ustreznimi licencami. Ne glede na to, ali si popoln za\u010detnik, dru\u017eina z otroki, par, ki i\u0161\u010de pustolov\u0161\u010dino, ali strasten kajaka\u0161, za vsakega posameznika, dru\u017eino ali skupino ustvarjamo prilagojena do\u017eivetja, ki so zabavna, pou\u010dna in varna.<\/p>\n<p>Pri Paddle So\u010da verjamemo, da mora biti pustolov\u0161\u010dina spo\u0161tljiva do narave. Reka So\u010da je eden najlep\u0161ih ekosistemov v Evropi, zato si prizadevamo, da jo ohranimo in jo ljudem omogo\u010dimo do\u017eiveti na zavesten na\u010din. Ko veslate z nami, se ne pridru\u017eite le aktivnosti \u2013 postanete del odgovorne skupnosti pustolovcev, ki ljubi in spo\u0161tuje alpsko okolje.<\/p>\n<p>\u010ce i\u0161\u010dete pravi vodni duh, strokovno vodenje, nepozabno pustolov\u0161\u010dino in pristno \u010dlove\u0161ko povezanost, vas vabimo v Paddle So\u010da \u2013 va\u0161 center do\u017eivetij v \u010dudoviti dolini So\u010de v Bovcu.<\/p>\n\n\t\t<\/div>\n\t<\/div>\n<\/div><\/div><\/div><\/div><div class=\"vc_row-full-width vc_clearfix\"><\/div><div data-vc-full-width=\"true\" data-vc-full-width-temp=\"true\" data-vc-full-width-init=\"false\" class=\"vc_row wpb_row vc_row-fluid vc_custom_1540470841332\"><div class=\"wpb_column vc_column_container vc_col-sm-4\"><div class=\"vc_column-inner\"><div class=\"wpb_wrapper\"><div class=\"widget widget-sidebar\">\t\t\t<article class=\"byt_address_widget BookYourTravel_Address_Widget\">\n\t\t\t\t\t\t\t\t<h6>Paddle So\u010da<\/h6>\n\t\t\t\t\t\t\t\t\t\t\t\t<p><em><i class=\"material-icons md-16\">kraj<\/i><\/em> Bovec, Slovenija<\/p>\n\t\t\t\t\t\t\t\t\t\t\t\t<p><em><i class=\"material-icons md-16\">call<\/i><\/em> +386 (0)41 475 462<\/p>\n\t\t\t\t\t\t\t\t\t\t\t\t<p><em><i class=\"material-icons md-16\">email<\/i><\/em> <a href=\"mailto:info@paddlesoca.com\" title=\"info@paddlesoca.com\">info@paddlesoca.com<\/a><\/p>\n\t\t\t\t\t\t\t<\/article>\n\t\t<\/div>\n\t<div class=\"wpb_text_column wpb_content_element\" >\n\t\t<div class=\"wpb_wrapper\">\n\t\t\t<h2>Po\u0161lji nam sporo\u010dilo<\/h2>\n<p class=\"translation-block\">Potrebuje\u0161 pomo\u010d pri izbiri aktivnosti ali na\u010drtovanju bivanja v dolini So\u010de?\n\nKontaktiraj nas \u2013 na\u0161a ekipa bo hitro in u\u010dinkovito pomagala najti najbolj\u0161o mo\u017enost za tvoje \u017eelje in pri\u010dakovanja.<\/p>\n\n\t\t<\/div>\n\t<\/div>\n<\/div><\/div><\/div><div class=\"wpb_column vc_column_container vc_col-sm-8\"><div class=\"vc_column-inner vc_custom_1540471111101\"><div class=\"wpb_wrapper\">\n<div class=\"wpcf7 no-js\" id=\"wpcf7-f271-o1\" lang=\"en-US\" dir=\"ltr\" data-wpcf7-id=\"271\">\n<div class=\"screen-reader-response\"><p role=\"status\" aria-live=\"polite\" aria-atomic=\"true\"><\/p> <ul><\/ul><\/div>\n<form action=\"\/sl\/wp-json\/wp\/v2\/pages\/272#wpcf7-f271-o1\" method=\"post\" class=\"wpcf7-form init\" aria-label=\"Contact form\" novalidate=\"novalidate\" data-status=\"init\" data-trp-original-action=\"\/sl\/wp-json\/wp\/v2\/pages\/272#wpcf7-f271-o1\">\n<fieldset class=\"hidden-fields-container\"><input type=\"hidden\" name=\"_wpcf7\" value=\"271\" \/><input type=\"hidden\" name=\"_wpcf7_version\" value=\"6.1.5\" \/><input type=\"hidden\" name=\"_wpcf7_locale\" value=\"en_US\" \/><input type=\"hidden\" name=\"_wpcf7_unit_tag\" value=\"wpcf7-f271-o1\" \/><input type=\"hidden\" name=\"_wpcf7_container_post\" value=\"0\" \/><input type=\"hidden\" name=\"_wpcf7_posted_data_hash\" value=\"\" \/>\n<\/fieldset>\n<div class=\"uacf7-form-wrapper-container uacf7-form-271\"><label>Ime in priimek *<\/label><span class=\"wpcf7-form-control-wrap\" data-name=\"your-name\"><input size=\"40\" maxlength=\"400\" class=\"wpcf7-form-control wpcf7-text wpcf7-validates-as-required\" aria-required=\"true\" aria-invalid=\"false\" value=\"\" type=\"text\" name=\"your-name\" \/><\/span>\n<label>E-mail *<\/label><span class=\"wpcf7-form-control-wrap\" data-name=\"your-email\"><input size=\"40\" maxlength=\"400\" class=\"wpcf7-form-control wpcf7-email wpcf7-validates-as-required wpcf7-text wpcf7-validates-as-email\" aria-required=\"true\" aria-invalid=\"false\" value=\"\" type=\"email\" name=\"your-email\" \/><\/span>\n<label>Sporo\u010dilo<\/label><span class=\"wpcf7-form-control-wrap\" data-name=\"your-message\"><textarea cols=\"40\" rows=\"10\" maxlength=\"2000\" class=\"wpcf7-form-control wpcf7-textarea\" aria-invalid=\"false\" name=\"your-message\"><\/textarea><\/span> <\/label>\n<span class=\"wpcf7-form-control-wrap\" data-name=\"checkbox-902\"><span class=\"wpcf7-form-control wpcf7-checkbox wpcf7-validates-as-required\"><span class=\"wpcf7-list-item first last\"><input type=\"checkbox\" name=\"checkbox-902[]\" value=\"I have read and agree to the terms &amp; conditions\" \/><span class=\"wpcf7-list-item-label\">Prebral sem in se strinjam s pogoji.<\/span><\/span><\/span><\/span>\n<input class=\"wpcf7-form-control wpcf7-submit has-spinner\" type=\"submit\" value=\"Po\u0161lji\" \/><\/div><div class=\"wpcf7-response-output\" aria-hidden=\"true\"><\/div>\n<input type=\"hidden\" name=\"trp-form-language\" value=\"sl\"\/><\/form>\n<\/div>\n<\/div><\/div><\/div><\/div><div class=\"vc_row-full-width vc_clearfix\"><\/div><\/div>","protected":false},"excerpt":{"rendered":"About us At Paddle So\u010da, adventure is not a business idea\u2014it is our life. We are a true paddling family and professional adventure team with deep roots in the international kayaking and rafting world. With more than 15 years of experience guiding, teaching, and paddling whitewater across Europe, America and Asia , we chose Bovec [...]","protected":false},"author":1,"featured_media":0,"parent":0,"menu_order":0,"comment_status":"closed","ping_status":"closed","template":"page-blank.php","meta":{"footnotes":""},"class_list":["post-272","page","type-page","status-publish","hentry"],"_links":{"self":[{"href":"https:\/\/paddlesoca.com\/sl\/wp-json\/wp\/v2\/pages\/272","targetHints":{"allow":["GET"]}}],"collection":[{"href":"https:\/\/paddlesoca.com\/sl\/wp-json\/wp\/v2\/pages"}],"about":[{"href":"https:\/\/paddlesoca.com\/sl\/wp-json\/wp\/v2\/types\/page"}],"author":[{"embeddable":true,"href":"https:\/\/paddlesoca.com\/sl\/wp-json\/wp\/v2\/users\/1"}],"replies":[{"embeddable":true,"href":"https:\/\/paddlesoca.com\/sl\/wp-json\/wp\/v2\/comments?post=272"}],"version-history":[{"count":1,"href":"https:\/\/paddlesoca.com\/sl\/wp-json\/wp\/v2\/pages\/272\/revisions"}],"predecessor-version":[{"id":1219,"href":"https:\/\/paddlesoca.com\/sl\/wp-json\/wp\/v2\/pages\/272\/revisions\/1219"}],"wp:attachment":[{"href":"https:\/\/paddlesoca.com\/sl\/wp-json\/wp\/v2\/media?parent=272"}],"curies":[{"name":"wp","href":"https:\/\/api.w.org\/{rel}","templated":true}]}}