{"id":415,"date":"2019-04-24T09:34:48","date_gmt":"2019-04-24T09:34:48","guid":{"rendered":"https:\/\/themes.themeenergy.com\/bookyourtravel\/travel-tours\/?page_id=17"},"modified":"2026-03-04T19:39:55","modified_gmt":"2026-03-04T19:39:55","slug":"home-travel-tours","status":"publish","type":"page","link":"https:\/\/paddlesoca.com\/sl\/","title":{"rendered":"Home Travel Tours"},"content":{"rendered":"<div class=\"wpb-content-wrapper\"><div class=\"vc_row wpb_row vc_row-fluid vc_custom_1767807585260\"><div class=\"wpb_column vc_column_container vc_col-sm-6\"><div class=\"vc_column-inner\"><div class=\"wpb_wrapper\">\n\t<div  class=\"wpb_single_image wpb_content_element vc_align_left wpb_content_element\">\n\t\t\n\t\t<figure class=\"wpb_wrapper vc_figure\">\n\t\t\t<div class=\"vc_single_image-wrapper vc_box_rounded  vc_box_border_grey\"><img fetchpriority=\"high\" decoding=\"async\" width=\"2560\" height=\"2048\" src=\"https:\/\/paddlesoca.com\/wp-content\/uploads\/2026\/01\/Soca-8-scaled.jpg\" class=\"vc_single_image-img attachment-full\" alt=\"\" title=\"Soca-8\" srcset=\"https:\/\/paddlesoca.com\/wp-content\/uploads\/2026\/01\/Soca-8-scaled.jpg 2560w, https:\/\/paddlesoca.com\/wp-content\/uploads\/2026\/01\/Soca-8-300x240.jpg 300w, https:\/\/paddlesoca.com\/wp-content\/uploads\/2026\/01\/Soca-8-1024x819.jpg 1024w, https:\/\/paddlesoca.com\/wp-content\/uploads\/2026\/01\/Soca-8-768x614.jpg 768w, https:\/\/paddlesoca.com\/wp-content\/uploads\/2026\/01\/Soca-8-1536x1229.jpg 1536w, https:\/\/paddlesoca.com\/wp-content\/uploads\/2026\/01\/Soca-8-2048x1638.jpg 2048w, https:\/\/paddlesoca.com\/wp-content\/uploads\/2026\/01\/Soca-8-600x480.jpg 600w\" sizes=\"(max-width: 2560px) 100vw, 2560px\" \/><\/div>\n\t\t<\/figure>\n\t<\/div>\n<\/div><\/div><\/div><div class=\"wpb_column vc_column_container vc_col-sm-6\"><div class=\"vc_column-inner\"><div class=\"wpb_wrapper\">\n\t<div class=\"wpb_text_column wpb_content_element\" >\n\t\t<div class=\"wpb_wrapper\">\n\t\t\t<h2><strong>Kajak<\/strong><\/h2>\n<p>So\u010da ponuja nove izzive in do\u017eivetja, tako za za\u010detnike kot tudi za izku\u0161ene kajaka\u0161e. Brzice kristalno \u010diste in smaragdne reke So\u010de  poskrbijo za edinstveno do\u017eivetje, v spremstvu na\u0161ih izku\u0161enih vodi\u010dev.<\/p>\n<p>Pod vodstvom strokovno usposobljenih in licenciranih vodi\u010dev, z vrhunsko opremo ter osebnim pristopom ustvarjamo edinstveno kajaka\u0161ko do\u017eivetje.<\/p>\n\n\t\t<\/div>\n\t<\/div>\n<div class=\"vc_btn3-container  buttonshome vc_btn3-inline vc_custom_1771261103116 vc_do_btn\" ><a class=\"vc_general vc_btn3 vc_btn3-size-lg vc_btn3-shape-round vc_btn3-style-classic vc_btn3-color-warning\" href=\"https:\/\/paddlesoca.com\/sl\/tour-tag\/kayaksingle\/\" title=\"\">Ve\u010d o kajak aktivnostih<\/a><\/div>\n\t<div  class=\"wpb_single_image wpb_content_element vc_align_left wpb_content_element\">\n\t\t\n\t\t<figure class=\"wpb_wrapper vc_figure\">\n\t\t\t<div class=\"vc_single_image-wrapper   vc_box_border_grey\"><img decoding=\"async\" class=\"vc_single_image-img\" src=\"https:\/\/paddlesoca.com\/wp-content\/uploads\/2026\/02\/FREEP\u00b4HOTOS-315x163.png\" width=\"315\" height=\"163\" alt=\"FREEP\u00b4HOTOS\" title=\"FREEP\u00b4HOTOS\" \/><\/div>\n\t\t<\/figure>\n\t<\/div>\n<\/div><\/div><\/div><\/div><div class=\"vc_row wpb_row vc_row-fluid\"><div class=\"wpb_column vc_column_container vc_col-sm-6\"><div class=\"vc_column-inner\"><div class=\"wpb_wrapper\">\n\t<div class=\"wpb_text_column wpb_content_element\" >\n\t\t<div class=\"wpb_wrapper\">\n\t\t\t<h2><strong>Rafting na smaragdni reki So\u010di<\/strong><\/h2>\n<p>Do\u017eivite eno najlep\u0161ih vodnih pustolov\u0161\u010din na svetovno znani reki So\u010di v Bovcu, v osr\u010dju Julijskih Alp.\nObdani z osupljivo alpsko kuliso boste na na\u0161ih rafting spustih do\u017eiveli popolno kombinacijo adrenalina, zabave in nepozabne narave.\n\nKristalno \u010dista smaragdna reka, razgibane brzice in spro\u0161\u010deni odseki ustvarjajo do\u017eivetje, ki navdu\u0161uje dru\u017eine, pare, skupine prijateljev in vse ljubitelje aktivnega oddiha.\n\nZa va\u0161o varnost in brezskrbno izku\u0161njo skrbijo izku\u0161eni, licencirani vodniki, ki poskrbijo, da je vsak spust hkrati varen, profesionalno voden in poln veselja.<\/p>\n<p>Prepustite se vrhunskemu rafting do\u017eivetju v osr\u010dju Julijskih Alp in \u010dudovite doline So\u010de.<\/p>\n\n\t\t<\/div>\n\t<\/div>\n<div class=\"vc_btn3-container  buttonshome vc_btn3-inline vc_do_btn\" ><a class=\"vc_general vc_btn3 vc_btn3-size-lg vc_btn3-shape-round vc_btn3-style-classic vc_btn3-color-warning\" href=\"https:\/\/paddlesoca.com\/sl\/tour-tag\/ratingsingle\/\" title=\"\">Ve\u010d o izletih z raftom<\/a><\/div>\n\t<div  class=\"wpb_single_image wpb_content_element vc_align_right wpb_content_element\">\n\t\t\n\t\t<figure class=\"wpb_wrapper vc_figure\">\n\t\t\t<div class=\"vc_single_image-wrapper   vc_box_border_grey\"><img decoding=\"async\" class=\"vc_single_image-img\" src=\"https:\/\/paddlesoca.com\/wp-content\/uploads\/2026\/02\/FREEP\u00b4HOTOS-315x163.png\" width=\"315\" height=\"163\" alt=\"FREEP\u00b4HOTOS\" title=\"FREEP\u00b4HOTOS\" \/><\/div>\n\t\t<\/figure>\n\t<\/div>\n<\/div><\/div><\/div><div class=\"wpb_column vc_column_container vc_col-sm-6\"><div class=\"vc_column-inner\"><div class=\"wpb_wrapper\">\n\t<div  class=\"wpb_single_image wpb_content_element vc_align_left wpb_content_element\">\n\t\t\n\t\t<figure class=\"wpb_wrapper vc_figure\">\n\t\t\t<div class=\"vc_single_image-wrapper   vc_box_border_grey\"><img decoding=\"async\" width=\"1195\" height=\"778\" src=\"https:\/\/paddlesoca.com\/wp-content\/uploads\/2026\/02\/rafting.jpg\" class=\"vc_single_image-img attachment-full\" alt=\"\" title=\"rafting\" srcset=\"https:\/\/paddlesoca.com\/wp-content\/uploads\/2026\/02\/rafting.jpg 1195w, https:\/\/paddlesoca.com\/wp-content\/uploads\/2026\/02\/rafting-300x195.jpg 300w, https:\/\/paddlesoca.com\/wp-content\/uploads\/2026\/02\/rafting-1024x667.jpg 1024w, https:\/\/paddlesoca.com\/wp-content\/uploads\/2026\/02\/rafting-768x500.jpg 768w, https:\/\/paddlesoca.com\/wp-content\/uploads\/2026\/02\/rafting-600x391.jpg 600w\" sizes=\"(max-width: 1195px) 100vw, 1195px\" \/><\/div>\n\t\t<\/figure>\n\t<\/div>\n<\/div><\/div><\/div><\/div><div class=\"vc_row wpb_row vc_row-fluid vc_custom_1557824355992\"><div class=\"wpb_column vc_column_container vc_col-sm-3\"><div class=\"vc_column-inner\"><div class=\"wpb_wrapper\"><\/div><\/div><\/div><div class=\"wpb_column vc_column_container vc_col-sm-6\"><div class=\"vc_column-inner\"><div class=\"wpb_wrapper\"><div class=\"vc_icon_element vc_icon_element-outer vc_custom_1557823908354 vc_do_icon vc_icon_element-align-center\"><div class=\"vc_icon_element-inner vc_icon_element-color-custom vc_icon_element-size-lg vc_icon_element-style- vc_icon_element-background-color-grey\" ><span class=\"vc_icon_element-icon vc-material vc-material-favorite_border\" style=\"color:#333333 !important\"><\/span><\/div><\/div><h1 style=\"font-size: 37px;text-align: center\" class=\"vc_custom_heading vc_do_custom_heading vc_custom_1557824316629\" >Najbolj priljubljeni izleti<\/h1><p style=\"font-size: 25px;color: #003580;line-height: 1;text-align: center;font-family:Satisfy;font-weight:400;font-style:normal\" class=\"vc_custom_heading vc_do_custom_heading\" >Izberi svojo pustolov\u0161\u010dino<\/p><\/div><\/div><\/div><div class=\"wpb_column vc_column_container vc_col-sm-3\"><div class=\"vc_column-inner\"><div class=\"wpb_wrapper\"><\/div><\/div><\/div><\/div><div class=\"vc_row wpb_row vc_row-fluid\"><div class=\"wpb_column vc_column_container vc_col-sm-12\"><div class=\"vc_column-inner\"><div class=\"wpb_wrapper\"><div class=\"widget widget-sidebar\"><div class=\"s-title\"><h2><\/h2><\/div><div class=\"deals\"><div class=\"row\"><article data-tour-id=\"673\" class=\"tour_item one-fifth\"><div><a href=\"https:\/\/paddlesoca.com\/sl\/tour\/3-day-river-experience\/\" title=\"River Experience &#8211; 3 Days\"><figure><img loading=\"lazy\" decoding=\"async\" width=\"400\" height=\"300\" src=\"https:\/\/paddlesoca.com\/wp-content\/uploads\/2026\/01\/DSC00971-400x300.jpeg\" class=\"attachment-thumbnail size-thumbnail wp-post-image\" alt=\"\" title=\"DSC00971\" \/><\/figure><\/a><div class=\"details\"><div class='item-header'><h3><a href=\"https:\/\/paddlesoca.com\/sl\/tour\/3-day-river-experience\/\" title=\"River Experience &#8211; 3 Days\">River Experience &#8211; 3 Days<\/a><\/h3><\/div>\t\t<div class=\"item_price\" style=\"display:none\">\n\t\t\tFrom\t\t\t\t\t\t<span class=\"price\">\n\t\t\t\t<em>\n\t\t\t\t\t\t\t\t<span class=\"curr\"><\/span>\n\t\t\t\t<span class=\"amount\"><\/span>\n\t\t\t\t\t\t\t\t<\/em>\n\t\t\t<\/span>\n\t\t\t\t<\/div>\n\t\t<div class='post-type description'><\/div><div class='actions'><a href='https:\/\/paddlesoca.com\/sl\/tour\/3-day-river-experience\/' class='gradient-button edit-entity'  data-id='673'  title='Book now'>Book now<\/a><\/div><\/div><!--\/\/details--><a href=\"https:\/\/paddlesoca.com\/sl\/tour\/3-day-river-experience\/\" class=\"overlay-link\"><\/a><\/div><\/article><!--\/\/tour_item--><article data-tour-id=\"671\" class=\"tour_item one-fifth\"><div><a href=\"https:\/\/paddlesoca.com\/sl\/tour\/3-day-adventure-river-mountains-option-a\/\" title=\"River &amp; Mountains &#8211; 3 Days\"><figure><img loading=\"lazy\" decoding=\"async\" width=\"400\" height=\"300\" src=\"https:\/\/paddlesoca.com\/wp-content\/uploads\/2026\/01\/FullSizeRender-1-400x300.jpeg\" class=\"attachment-thumbnail size-thumbnail wp-post-image\" alt=\"\" title=\"FullSizeRender\" \/><\/figure><\/a><div class=\"details\"><div class='item-header'><h3><a href=\"https:\/\/paddlesoca.com\/sl\/tour\/3-day-adventure-river-mountains-option-a\/\" title=\"River &amp; Mountains &#8211; 3 Days\">River &amp; Mountains &#8211; 3 Days<\/a><\/h3><\/div>\t\t<div class=\"item_price\" style=\"display:none\">\n\t\t\tFrom\t\t\t\t\t\t<span class=\"price\">\n\t\t\t\t<em>\n\t\t\t\t\t\t\t\t<span class=\"curr\"><\/span>\n\t\t\t\t<span class=\"amount\"><\/span>\n\t\t\t\t\t\t\t\t<\/em>\n\t\t\t<\/span>\n\t\t\t\t<\/div>\n\t\t<div class='post-type description'><\/div><div class='actions'><a href='https:\/\/paddlesoca.com\/sl\/tour\/3-day-adventure-river-mountains-option-a\/' class='gradient-button edit-entity'  data-id='671'  title='Book now'>Book now<\/a><\/div><\/div><!--\/\/details--><a href=\"https:\/\/paddlesoca.com\/sl\/tour\/3-day-adventure-river-mountains-option-a\/\" class=\"overlay-link\"><\/a><\/div><\/article><!--\/\/tour_item--><article data-tour-id=\"670\" class=\"tour_item one-fifth\"><div><a href=\"https:\/\/paddlesoca.com\/sl\/tour\/paddle-flow-2-days\/\" title=\"Paddle &amp; Flow - 2 dni\"><figure><img loading=\"lazy\" decoding=\"async\" width=\"400\" height=\"300\" src=\"https:\/\/paddlesoca.com\/wp-content\/uploads\/2026\/01\/IMG_2139-400x300.jpg\" class=\"attachment-thumbnail size-thumbnail wp-post-image\" alt=\"\" title=\"IMG_2139\" srcset=\"https:\/\/paddlesoca.com\/wp-content\/uploads\/2026\/01\/IMG_2139-400x300.jpg 400w, https:\/\/paddlesoca.com\/wp-content\/uploads\/2026\/01\/IMG_2139-300x225.jpg 300w, https:\/\/paddlesoca.com\/wp-content\/uploads\/2026\/01\/IMG_2139-1024x768.jpg 1024w, https:\/\/paddlesoca.com\/wp-content\/uploads\/2026\/01\/IMG_2139-768x576.jpg 768w, https:\/\/paddlesoca.com\/wp-content\/uploads\/2026\/01\/IMG_2139-1536x1152.jpg 1536w, https:\/\/paddlesoca.com\/wp-content\/uploads\/2026\/01\/IMG_2139-2048x1536.jpg 2048w, https:\/\/paddlesoca.com\/wp-content\/uploads\/2026\/01\/IMG_2139-600x450.jpg 600w\" sizes=\"(max-width: 400px) 100vw, 400px\" \/><\/figure><\/a><div class=\"details\"><div class='item-header'><h3><a href=\"https:\/\/paddlesoca.com\/sl\/tour\/paddle-flow-2-days\/\" title=\"Paddle &amp; Flow - 2 dni\">Veslanje in sprostitev - 2 dni<\/a><\/h3><\/div>\t\t<div class=\"item_price\" style=\"display:none\">\n\t\t\tFrom\t\t\t\t\t\t<span class=\"price\">\n\t\t\t\t<em>\n\t\t\t\t\t\t\t\t<span class=\"curr\"><\/span>\n\t\t\t\t<span class=\"amount\"><\/span>\n\t\t\t\t\t\t\t\t<\/em>\n\t\t\t<\/span>\n\t\t\t\t<\/div>\n\t\t<div class='post-type description'><\/div><div class='actions'><a href='https:\/\/paddlesoca.com\/sl\/tour\/paddle-flow-2-days\/' class='gradient-button edit-entity'  data-id='670'  title='Book now'>Book now<\/a><\/div><\/div><!--\/\/details--><a href=\"https:\/\/paddlesoca.com\/sl\/tour\/paddle-flow-2-days\/\" class=\"overlay-link\"><\/a><\/div><\/article><!--\/\/tour_item--><article data-tour-id=\"669\" class=\"tour_item one-fifth\"><div><a href=\"https:\/\/paddlesoca.com\/sl\/tour\/river-skills-2-days\/\" title=\"Spretnosti na reki - 2 dni\"><figure><img loading=\"lazy\" decoding=\"async\" width=\"400\" height=\"300\" src=\"https:\/\/paddlesoca.com\/wp-content\/uploads\/2026\/01\/IMG_0907-400x300.jpg\" class=\"attachment-thumbnail size-thumbnail wp-post-image\" alt=\"\" title=\"IMG_0907\" srcset=\"https:\/\/paddlesoca.com\/wp-content\/uploads\/2026\/01\/IMG_0907-400x300.jpg 400w, https:\/\/paddlesoca.com\/wp-content\/uploads\/2026\/01\/IMG_0907-300x225.jpg 300w, https:\/\/paddlesoca.com\/wp-content\/uploads\/2026\/01\/IMG_0907-1024x768.jpg 1024w, https:\/\/paddlesoca.com\/wp-content\/uploads\/2026\/01\/IMG_0907-768x576.jpg 768w, https:\/\/paddlesoca.com\/wp-content\/uploads\/2026\/01\/IMG_0907-1536x1152.jpg 1536w, https:\/\/paddlesoca.com\/wp-content\/uploads\/2026\/01\/IMG_0907-2048x1536.jpg 2048w, https:\/\/paddlesoca.com\/wp-content\/uploads\/2026\/01\/IMG_0907-600x450.jpg 600w\" sizes=\"(max-width: 400px) 100vw, 400px\" \/><\/figure><\/a><div class=\"details\"><div class='item-header'><h3><a href=\"https:\/\/paddlesoca.com\/sl\/tour\/river-skills-2-days\/\" title=\"Spretnosti na reki - 2 dni\">Spretnosti na reki - 2 dni<\/a><\/h3><\/div>\t\t<div class=\"item_price\" style=\"display:none\">\n\t\t\tFrom\t\t\t\t\t\t<span class=\"price\">\n\t\t\t\t<em>\n\t\t\t\t\t\t\t\t<span class=\"curr\"><\/span>\n\t\t\t\t<span class=\"amount\"><\/span>\n\t\t\t\t\t\t\t\t<\/em>\n\t\t\t<\/span>\n\t\t\t\t<\/div>\n\t\t<div class='post-type description'><\/div><div class='actions'><a href='https:\/\/paddlesoca.com\/sl\/tour\/river-skills-2-days\/' class='gradient-button edit-entity'  data-id='669'  title='Book now'>Book now<\/a><\/div><\/div><!--\/\/details--><a href=\"https:\/\/paddlesoca.com\/sl\/tour\/river-skills-2-days\/\" class=\"overlay-link\"><\/a><\/div><\/article><!--\/\/tour_item--><article data-tour-id=\"668\" class=\"tour_item one-fifth\"><div><a href=\"https:\/\/paddlesoca.com\/sl\/tour\/river-explorer-2-days\/\" title=\"Raziskovanje reke So\u010de - 2 dni\"><figure><img loading=\"lazy\" decoding=\"async\" width=\"400\" height=\"300\" src=\"https:\/\/paddlesoca.com\/wp-content\/uploads\/2026\/01\/sit-on-top-400x300.jpeg\" class=\"attachment-thumbnail size-thumbnail wp-post-image\" alt=\"\" title=\"sede\u010da stran\" \/><\/figure><\/a><div class=\"details\"><div class='item-header'><h3><a href=\"https:\/\/paddlesoca.com\/sl\/tour\/river-explorer-2-days\/\" title=\"Raziskovanje reke So\u010de - 2 dni\">Raziskovanje reke So\u010de - 2 dni<\/a><\/h3><\/div>\t\t<div class=\"item_price\" style=\"display:none\">\n\t\t\tFrom\t\t\t\t\t\t<span class=\"price\">\n\t\t\t\t<em>\n\t\t\t\t\t\t\t\t<span class=\"curr\"><\/span>\n\t\t\t\t<span class=\"amount\"><\/span>\n\t\t\t\t\t\t\t\t<\/em>\n\t\t\t<\/span>\n\t\t\t\t<\/div>\n\t\t<div class='post-type description'><\/div><div class='actions'><a href='https:\/\/paddlesoca.com\/sl\/tour\/river-explorer-2-days\/' class='gradient-button edit-entity'  data-id='668'  title='Book now'>Book now<\/a><\/div><\/div><!--\/\/details--><a href=\"https:\/\/paddlesoca.com\/sl\/tour\/river-explorer-2-days\/\" class=\"overlay-link\"><\/a><\/div><\/article><!--\/\/tour_item--><\/div><!--row--><\/div><!--deals--><\/div><\/div><\/div><\/div><\/div><div data-vc-full-width=\"true\" data-vc-full-width-temp=\"true\" data-vc-full-width-init=\"false\" data-vc-stretch-content=\"true\" class=\"vc_row wpb_row vc_row-fluid vc_custom_1768836443247 vc_row-has-fill\"><div class=\"wpb_column vc_column_container vc_col-sm-3\"><div class=\"vc_column-inner\"><div class=\"wpb_wrapper\"><\/div><\/div><\/div><div class=\"wpb_column vc_column_container vc_col-sm-6\"><div class=\"vc_column-inner\"><div class=\"wpb_wrapper\">\n\t<div  class=\"wpb_single_image wpb_content_element vc_align_center wpb_content_element wpb_animate_when_almost_visible wpb_zoomInUp zoomInUp vc_custom_1770829924372\">\n\t\t\n\t\t<figure class=\"wpb_wrapper vc_figure\">\n\t\t\t<div class=\"vc_single_image-wrapper   vc_box_border_grey\"><img loading=\"lazy\" decoding=\"async\" width=\"300\" height=\"178\" src=\"https:\/\/paddlesoca.com\/wp-content\/uploads\/2026\/01\/cropped-IMG_2099-300x178.png\" class=\"vc_single_image-img attachment-medium\" alt=\"\" title=\"obrezan-IMG_2099.png\" srcset=\"https:\/\/paddlesoca.com\/wp-content\/uploads\/2026\/01\/cropped-IMG_2099-300x178.png 300w, https:\/\/paddlesoca.com\/wp-content\/uploads\/2026\/01\/cropped-IMG_2099-600x356.png 600w, https:\/\/paddlesoca.com\/wp-content\/uploads\/2026\/01\/cropped-IMG_2099.png 675w\" sizes=\"(max-width: 300px) 100vw, 300px\" \/><\/div>\n\t\t<\/figure>\n\t<\/div>\n<\/div><\/div><\/div><div class=\"wpb_column vc_column_container vc_col-sm-3\"><div class=\"vc_column-inner vc_custom_1770390653983\"><div class=\"wpb_wrapper\"><\/div><\/div><\/div><\/div><div class=\"vc_row-full-width vc_clearfix\"><\/div><div class=\"vc_row wpb_row vc_row-fluid vc_custom_1557824652572\"><div class=\"wpb_column vc_column_container vc_col-sm-3\"><div class=\"vc_column-inner\"><div class=\"wpb_wrapper\"><\/div><\/div><\/div><div class=\"wpb_column vc_column_container vc_col-sm-6\"><div class=\"vc_column-inner\"><div class=\"wpb_wrapper\"><div class=\"vc_icon_element vc_icon_element-outer vc_custom_1767892612428 vc_do_icon vc_icon_element-align-center\"><div class=\"vc_icon_element-inner vc_icon_element-color-custom vc_icon_element-size-lg vc_icon_element-style- vc_icon_element-background-color-grey\" ><span class=\"vc_icon_element-icon vc-material vc-material-terrain\" style=\"color:#003580 !important\"><\/span><\/div><\/div><h1 style=\"font-size: 37px;text-align: center\" class=\"vc_custom_heading vc_do_custom_heading vc_custom_1767892426794\" >Na\u0161a zgodba<\/h1><p style=\"font-size: 25px;color: #003580;line-height: 1;text-align: center;font-family:Satisfy;font-weight:400;font-style:normal\" class=\"vc_custom_heading vc_do_custom_heading\" >Tvoja naslednja avantura<\/p><\/div><\/div><\/div><div class=\"wpb_column vc_column_container vc_col-sm-3\"><div class=\"vc_column-inner\"><div class=\"wpb_wrapper\"><\/div><\/div><\/div><\/div><div class=\"vc_row wpb_row vc_row-fluid vc_custom_1767902070488 vc_row-has-fill\"><div class=\"wpb_column vc_column_container vc_col-sm-6\"><div class=\"vc_column-inner\"><div class=\"wpb_wrapper\">\n\t<div class=\"wpb_text_column wpb_content_element\" >\n\t\t<div class=\"wpb_wrapper\">\n\t\t\t<h2><strong>To ni delo. To je na\u0161 na\u010din \u017eivljenja.<\/strong><\/h2>\n<p>Smo prava vesla\u0161ka dru\u017eina in profesionalna ekipa z globokimi koreninami v mednarodnem svetu kajaka in raftinga.\n\nZ ve\u010d kot 15 leti izku\u0161enj na podro\u010dju vodenja, pou\u010devanja in veslanja na divjih rekah po Evropi, Ameriki in Aziji smo za svoj dom izbrali Bovec in dolino So\u010da.\n\nZakaj? Ker tukaj najdemo vse, kar imamo radi \u2013 kristalno \u010disto smaragdno reko, mogo\u010dno alpsko naravo, varno mero adrenalina ter pristen, svoboden duh \u017eivljenja na prostem.<\/p>\n<p>So\u010da je ena najbolj znanih rek za vodne aktivnosti v Evropi. Njena smaragdno zelena barva, alpska pokrajina in brzice navdu\u0161ujejo ustvarjalce filmov ter oglasov - na So\u010di so posneli '' Zgodbe iz Narnije II'''. A za nas je So\u010da mnogo ve\u010d kot le slavna reka \u2013 je kraj povezanosti, spo\u0161tovanja in strasti, kjer vsak spust po reki postane nepozabno do\u017eivetje.<\/p>\n\n\t\t<\/div>\n\t<\/div>\n<div class=\"vc_btn3-container  buttonshome vc_btn3-inline vc_do_btn\" ><a class=\"vc_general vc_btn3 vc_btn3-size-lg vc_btn3-shape-round vc_btn3-style-classic vc_btn3-color-warning\" href=\"https:\/\/paddlesoca.com\/sl\/about-us-2\/\" title=\"O nas\">Preberi ve\u010d<\/a><\/div><\/div><\/div><\/div><div class=\"wpb_column vc_column_container vc_col-sm-6\"><div class=\"vc_column-inner\"><div class=\"wpb_wrapper\">\n\t<div  class=\"wpb_single_image wpb_content_element vc_align_center wpb_content_element vc_custom_1767902160533\">\n\t\t\n\t\t<figure class=\"wpb_wrapper vc_figure\">\n\t\t\t<div class=\"vc_single_image-wrapper   vc_box_border_grey\"><img loading=\"lazy\" decoding=\"async\" width=\"600\" height=\"768\" src=\"https:\/\/paddlesoca.com\/wp-content\/uploads\/2026\/01\/soca2.jpg\" class=\"vc_single_image-img attachment-full\" alt=\"\" title=\"soca2\" srcset=\"https:\/\/paddlesoca.com\/wp-content\/uploads\/2026\/01\/soca2.jpg 600w, https:\/\/paddlesoca.com\/wp-content\/uploads\/2026\/01\/soca2-234x300.jpg 234w\" sizes=\"(max-width: 600px) 100vw, 600px\" \/><\/div>\n\t\t<\/figure>\n\t<\/div>\n<\/div><\/div><\/div><\/div><div data-vc-full-width=\"true\" data-vc-full-width-temp=\"true\" data-vc-full-width-init=\"false\" data-vc-stretch-content=\"true\" class=\"vc_row wpb_row vc_row-fluid vc_custom_1771517268082 vc_row-has-fill\"><div class=\"wpb_column vc_column_container vc_col-sm-3\"><div class=\"vc_column-inner\"><div class=\"wpb_wrapper\"><\/div><\/div><\/div><div class=\"wpb_column vc_column_container vc_col-sm-6\"><div class=\"vc_column-inner\"><div class=\"wpb_wrapper\">\n\t<div class=\"wpb_text_column wpb_content_element\" >\n\t\t<div class=\"wpb_wrapper\">\n\t\t\t<h5 style=\"text-align: center;\"><span style=\"color: #ffffff;\">\u201cZ \u017eeno sva \u0161la na kajak za 3 dni in na koncu sva ostala 5 hahaha Carlos je res dober vodnik in u\u010ditelj. Nau\u010dil naju je nove in bolj\u0161e tehnike obvladovanja kajaka. Ko sem imel nekaj zdravstvenih te\u017eav, me je celo odpeljali v Tolmin do zdravnika. Paddle So\u010da vsekakor priporo\u010dam in, \u010de bo prilo\u017enost, se zagotovo vrnem.\u201d<\/span><\/h5>\n<p style=\"text-align: center;\"><span style=\"color: #ffffff;\"><strong>- Tomas Mar\u00edn<\/strong><\/span><\/p>\n\n\t\t<\/div>\n\t<\/div>\n<\/div><\/div><\/div><div class=\"wpb_column vc_column_container vc_col-sm-3\"><div class=\"vc_column-inner\"><div class=\"wpb_wrapper\"><\/div><\/div><\/div><\/div><div class=\"vc_row-full-width vc_clearfix\"><\/div><\/div>","protected":false},"excerpt":{"rendered":"","protected":false},"author":1,"featured_media":0,"parent":0,"menu_order":0,"comment_status":"closed","ping_status":"closed","template":"page-blank.php","meta":{"footnotes":""},"class_list":["post-415","page","type-page","status-publish","hentry"],"_links":{"self":[{"href":"https:\/\/paddlesoca.com\/sl\/wp-json\/wp\/v2\/pages\/415","targetHints":{"allow":["GET"]}}],"collection":[{"href":"https:\/\/paddlesoca.com\/sl\/wp-json\/wp\/v2\/pages"}],"about":[{"href":"https:\/\/paddlesoca.com\/sl\/wp-json\/wp\/v2\/types\/page"}],"author":[{"embeddable":true,"href":"https:\/\/paddlesoca.com\/sl\/wp-json\/wp\/v2\/users\/1"}],"replies":[{"embeddable":true,"href":"https:\/\/paddlesoca.com\/sl\/wp-json\/wp\/v2\/comments?post=415"}],"version-history":[{"count":0,"href":"https:\/\/paddlesoca.com\/sl\/wp-json\/wp\/v2\/pages\/415\/revisions"}],"wp:attachment":[{"href":"https:\/\/paddlesoca.com\/sl\/wp-json\/wp\/v2\/media?parent=415"}],"curies":[{"name":"wp","href":"https:\/\/api.w.org\/{rel}","templated":true}]}}