{"id":431,"date":"2019-05-15T07:31:24","date_gmt":"2019-05-15T07:31:24","guid":{"rendered":"https:\/\/themes.themeenergy.com\/bookyourtravel\/travel-tours\/?page_id=378"},"modified":"2026-02-11T17:31:32","modified_gmt":"2026-02-11T17:31:32","slug":"faq","status":"publish","type":"page","link":"https:\/\/paddlesoca.com\/sl\/faq\/","title":{"rendered":""},"content":{"rendered":"<div class=\"wpb-content-wrapper\"><div class=\"vc_row wpb_row vc_row-fluid\"><div class=\"wpb_column vc_column_container vc_col-sm-8\"><div class=\"vc_column-inner\"><div class=\"wpb_wrapper\">\n\t<div class=\"wpb_text_column wpb_content_element\" >\n\t\t<div class=\"wpb_wrapper\">\n\t\t\t<h2>POGOSTA VPRA\u0160ANJA<\/h2>\n<h2><span style=\"font-weight: 400;\">REZERVACIJE - PLA\u010cILA - ODPOVEDI<\/span><\/h2>\n\n\t\t<\/div>\n\t<\/div>\n<div  class=\"vc_do_toggle vc_toggle vc_toggle_simple vc_toggle_color_black  vc_toggle_size_md\"><div class=\"vc_toggle_title\"><h4>Kako rezervirati?<\/h4><i class=\"vc_toggle_icon\"><\/i><\/div><div class=\"vc_toggle_content\"><p><span style=\"font-weight: 400;\">Rezervacija je preprosta:<\/span><\/p>\n<ul>\n<li><span style=\"font-weight: 400;\"> Rezerviraj preko spletnega obrazca in pla\u010daj 50\u20ac za potrditev rezervacije\u00a0<\/span><\/li>\n<\/ul>\n<p><span style=\"font-weight: 400;\">Rezerviraj preko spletnega obrazca s 50\u20ac akontacije na rezervacijo.\u00a0<\/span><\/p>\n<ul>\n<li><span style=\"font-weight: 400;\"> Preostalo razliko pla\u010dajte v gotovini ob prihodu na aktivnosti.<\/span><\/li>\n<\/ul>\n<p><span style=\"font-weight: 400;\">Po potrditvi rezervacije po e-po\u0161ti prejme\u0161 vse pomembne podrobnosti.<\/span><\/p>\n<\/div><\/div><div  class=\"vc_do_toggle vc_toggle vc_toggle_simple vc_toggle_color_black  vc_toggle_size_md\"><div class=\"vc_toggle_title\"><h4>Ali je potrebna predhodna rezervacija?<\/h4><i class=\"vc_toggle_icon\"><\/i><\/div><div class=\"vc_toggle_content\"><p><span style=\"font-weight: 400;\">Priporo\u010damo, da rezervacijo opravi\u0161 vnaprej, da si zagotovi\u0161 svoj termin, to je \u0161e \u0161e posebej pomembno julija in avgusta.<\/span><\/p>\n<p><span style=\"font-weight: 400;\">Aktivnosti je seveda mo\u017eno rezervirati tudi dan prej ali celo isti dan, odvisno od razpolo\u017eljivosti in logistike.<\/span><\/p>\n<\/div><\/div><div  class=\"vc_do_toggle vc_toggle vc_toggle_simple vc_toggle_color_black  vc_toggle_size_md\"><div class=\"vc_toggle_title\"><h4>Kak\u0161ni so pogoji odpovedi?<\/h4><i class=\"vc_toggle_icon\"><\/i><\/div><div class=\"vc_toggle_content\"><ul>\n<li><span style=\"font-weight: 400;\"> Manj kot 7 dni \u2192 ni povra\u010dljivo<\/span><\/li>\n<li><span style=\"font-weight: 400;\"> Ve\u010d kot 7 dni \u2192 povra\u010dilo minus 21% upravna taksa<\/span><\/li>\n<li><span style=\"font-weight: 400;\"> Ne poka\u017ei se \u2192 ni povra\u010dljivo<\/span><\/li>\n<\/ul>\n<p><span style=\"font-weight: 400;\">Cene ne vklju\u010dujejo DDV in se lahko spremenijo brez predhodnega obvestila.<\/span><\/p>\n<\/div><\/div><div  class=\"vc_do_toggle vc_toggle vc_toggle_simple vc_toggle_color_black  vc_toggle_size_md\"><div class=\"vc_toggle_title\"><h4>Ali lahko pla\u010dam s kartico?<\/h4><i class=\"vc_toggle_icon\"><\/i><\/div><div class=\"vc_toggle_content\"><p><span style=\"font-weight: 400;\">Ob rezervaciji prek spleta pla\u010date akontacijo, preostanek pa v gotovini na dan ogleda.<\/span><\/p>\n<p><span style=\"font-weight: 400;\">\u010ce potrebujete drugo pla\u010dilno re\u0161itev, se vnaprej obrnite na nas in po najbolj\u0161ih mo\u010deh vam bomo pomagali.<\/span><\/p>\n<\/div><\/div>\n\t<div class=\"wpb_text_column wpb_content_element\" >\n\t\t<div class=\"wpb_wrapper\">\n\t\t\t<h2><span style=\"font-weight: 400;\">SEZONA - URNIK - VREME<\/span><\/h2>\n\n\t\t<\/div>\n\t<\/div>\n<div  class=\"vc_do_toggle vc_toggle vc_toggle_simple vc_toggle_color_black  vc_toggle_size_md\"><div class=\"vc_toggle_title\"><h4>Kdaj potekajo izleti?<\/h4><i class=\"vc_toggle_icon\"><\/i><\/div><div class=\"vc_toggle_content\"><p><span style=\"font-weight: 400;\">Sezona: od 1. aprila do 31. oktobra - vsak dan<\/span><\/p>\n<p><span style=\"font-weight: 400;\">Odhodi so na mo\u017eni:<\/span><\/p>\n<ul>\n<li><span style=\"font-weight: 400;\"> Zjutraj<\/span><\/li>\n<li><span style=\"font-weight: 400;\"> Opoldne<\/span><\/li>\n<li><span style=\"font-weight: 400;\"> Popoldne<\/span><\/li>\n<\/ul>\n<p><span style=\"font-weight: 400;\">Ure odhodov se lahko razlikujejo glede na razmere na reki in logistiko.<\/span><\/p>\n<\/div><\/div><div  class=\"vc_do_toggle vc_toggle vc_toggle_simple vc_toggle_color_black  vc_toggle_size_md\"><div class=\"vc_toggle_title\"><h4>Kaj se zgodi ob slabem vremenu?<\/h4><i class=\"vc_toggle_icon\"><\/i><\/div><div class=\"vc_toggle_content\"><p><span style=\"font-weight: 400;\">Aktivnosti potekajo v skoraj vseh vremenskih razmerah. \u010ce zaradi varnosti ali narasle reke dolo\u010den odsek ni primeren, vam vedno zagotovimo najbolj\u0161o mo\u017eno alternativo, da bo va\u0161e do\u017eivetje \u0161e vedno varno, zabavno in nepozabno. To lahko vklju\u010duje:<\/span><\/p>\n<ul>\n<li><span style=\"font-weight: 400;\"> prilagoditev izleta na drugem odseku<\/span><\/li>\n<li><span style=\"font-weight: 400;\"> sprememba termina aktivnosti<\/span><\/li>\n<li><span style=\"font-weight: 400;\"> kupon za kori\u0161\u010denje aktivnosti v prihodnosti<\/span><\/li>\n<\/ul>\n<p>&nbsp;<\/p>\n<p><span style=\"font-weight: 400;\">Pomembno: vra\u010dilo denarja zaradi vremenskih sprememb ni mo\u017eno.<\/span><\/p>\n<\/div><\/div>\n\t<div class=\"wpb_text_column wpb_content_element\" >\n\t\t<div class=\"wpb_wrapper\">\n\t\t\t<h2><span style=\"font-weight: 400;\">ZA KOGA SO AKTIVNOSTI PRIMERNE?<\/span><\/h2>\n\n\t\t<\/div>\n\t<\/div>\n<div  class=\"vc_do_toggle vc_toggle vc_toggle_simple vc_toggle_color_black  vc_toggle_size_md\"><div class=\"vc_toggle_title\"><h4>Ali potrebujem predhodne izku\u0161nje z raftingom\/kajakom?<\/h4><i class=\"vc_toggle_icon\"><\/i><\/div><div class=\"vc_toggle_content\"><p><span style=\"font-weight: 400;\">Predhodne izku\u0161nje niso potrebne. Na\u0161i vodniki pred aktivnostmi razlo\u017eijo podrobnosti in za udele\u017eence skrbijo ves \u010das aktivnosti.<\/span><\/p>\n<p>&nbsp;<\/p>\n<p><span style=\"font-weight: 400;\">Pomembno: vra\u010dilo denarja zaradi vremenskih sprememb ni mo\u017eno.<\/span><\/p>\n<\/div><\/div><div  class=\"vc_do_toggle vc_toggle vc_toggle_simple vc_toggle_color_black  vc_toggle_size_md\"><div class=\"vc_toggle_title\"><h4>Ali moram znati plavati?<\/h4><i class=\"vc_toggle_icon\"><\/i><\/div><div class=\"vc_toggle_content\"><p><span style=\"font-weight: 400;\">Priporo\u010dljivo je osnovno znanje plavanja.<\/span><\/p>\n<p><span style=\"font-weight: 400;\">\u010ce tvoje znanje plavanje ni najbolj\u0161e, na to prosimo opozori svojega vodnika.<\/span><\/p>\n<\/div><\/div><div  class=\"vc_do_toggle vc_toggle vc_toggle_simple vc_toggle_color_black  vc_toggle_size_md\"><div class=\"vc_toggle_title\"><h4>Koliko udele\u017eencev je predvidenih na enem raftu?<\/h4><i class=\"vc_toggle_icon\"><\/i><\/div><div class=\"vc_toggle_content\"><p><span style=\"font-weight: 400;\">Od 2 do 8 udele\u017eencev na raft, odvisno od varnostnih omejitev.<\/span><\/p>\n<\/div><\/div><div  class=\"vc_do_toggle vc_toggle vc_toggle_simple vc_toggle_color_black  vc_toggle_size_md\"><div class=\"vc_toggle_title\"><h4>Maksimalno \u0161tevilo udele\u017eencev na kajak spustu?<\/h4><i class=\"vc_toggle_icon\"><\/i><\/div><div class=\"vc_toggle_content\"><p><span style=\"font-weight: 400;\">Na na\u0161ih izletih s kajaki se lahko udele\u017ei:<\/span><\/p>\n<ul>\n<li><span style=\"font-weight: 400;\"> do 6 kajakov na vodnika<\/span><\/li>\n<li><span style=\"font-weight: 400;\"> skupno najve\u010d 12 kajakov na turo<\/span><\/li>\n<\/ul>\n<\/div><\/div><div  class=\"vc_do_toggle vc_toggle vc_toggle_simple vc_toggle_color_black  vc_toggle_size_md\"><div class=\"vc_toggle_title\"><h4>Ali se lahko pridru\u017eim sam?<\/h4><i class=\"vc_toggle_icon\"><\/i><\/div><div class=\"vc_toggle_content\"><p><span style=\"font-weight: 400;\">Da, samostojni potniki so dobrodo\u0161li. Za izvedbo izleta sta potrebna najmanj 2 udele\u017eenca.<\/span><\/p>\n<\/div><\/div><div  class=\"vc_do_toggle vc_toggle vc_toggle_simple vc_toggle_color_black  vc_toggle_size_md\"><div class=\"vc_toggle_title\"><h4>Ali lahko nosim o\u010dala ali kontaktne le\u010de?<\/h4><i class=\"vc_toggle_icon\"><\/i><\/div><div class=\"vc_toggle_content\"><p><span style=\"font-weight: 400;\">Da. O\u010dala morajo imeti varen trak, ki prepre\u010duje, da bi padla v vodo. Kontaktne le\u010de so na splo\u0161no v redu, vendar priporo\u010damo, da vodnika obvestite, \u010de jih nosite.<\/span><\/p>\n<\/div><\/div>\n\t<div class=\"wpb_text_column wpb_content_element\" >\n\t\t<div class=\"wpb_wrapper\">\n\t\t\t<h2><span style=\"font-weight: 400;\">LOGISTIKA IN PODROBNOSTI O AKTIVNOSTIH<\/span><\/h2>\n\n\t\t<\/div>\n\t<\/div>\n<div  class=\"vc_do_toggle vc_toggle vc_toggle_simple vc_toggle_color_black  vc_toggle_size_md\"><div class=\"vc_toggle_title\"><h4>Ali je na voljo parkiri\u0161\u010de? Ali ponujate prevzem?<\/h4><i class=\"vc_toggle_icon\"><\/i><\/div><div class=\"vc_toggle_content\"><p><span style=\"font-weight: 400;\">Da, parkiri\u0161\u010de je na voljo.<\/span><\/p>\n<p><span style=\"font-weight: 400;\">\u010ce bivate v okolici Bovca, lahko poskrbimo tudi, da vas voznik prevzame pred nastanitvijo, apartmaja, penziona ali kampa.<\/span><\/p>\n<\/div><\/div><div  class=\"vc_do_toggle vc_toggle vc_toggle_simple vc_toggle_color_black  vc_toggle_size_md\"><div class=\"vc_toggle_title\"><h4>Ali so na voljo strani\u0161\u010da in garderobe?<\/h4><i class=\"vc_toggle_icon\"><\/i><\/div><div class=\"vc_toggle_content\"><p><span style=\"font-weight: 400;\">Na nekaterih vstopnih to\u010dkah so na voljo strani\u0161\u010da in preobla\u010dilnice.<\/span><\/p>\n<\/div><\/div><div  class=\"vc_do_toggle vc_toggle vc_toggle_simple vc_toggle_color_black  vc_toggle_size_md\"><div class=\"vc_toggle_title\"><h4>Kaj \u010de zamujam?<\/h4><i class=\"vc_toggle_icon\"><\/i><\/div><div class=\"vc_toggle_content\"><p><span style=\"font-weight: 400;\">Ogledi potekajo po urniku. Zamudniki se ture ne morejo udele\u017eiti.<\/span><\/p>\n<p><span style=\"font-weight: 400;\">Potrudili se bomo, da prilagodimo uro odhoda, zlasti v nizki sezoni, v visoki sezoni so mo\u017enosti za spremembe omejene, odvisne od razpolo\u017eljivosti.<\/span><\/p>\n<\/div><\/div>\n\t<div class=\"wpb_text_column wpb_content_element\" >\n\t\t<div class=\"wpb_wrapper\">\n\t\t\t<h2><span style=\"font-weight: 400;\">DRU\u017dINE - HI\u0160NI LJUBLJEN\u010cKI - POSEBNE MO\u017dNOSTI<\/span><\/h2>\n\n\t\t<\/div>\n\t<\/div>\n<div  class=\"vc_do_toggle vc_toggle vc_toggle_simple vc_toggle_color_black  vc_toggle_size_md\"><div class=\"vc_toggle_title\"><h4>Je rafting primeren za dru\u017eine?<\/h4><i class=\"vc_toggle_icon\"><\/i><\/div><div class=\"vc_toggle_content\"><p><span style=\"font-weight: 400;\">Da! Na enem najbolj prijaznih in slikovitih odsekov reke ponujamo dru\u017einski rafting \u2013 zabavno, varno in popolno do\u017eivetje za dru\u017eine.<\/span><\/p>\n<\/div><\/div><div  class=\"vc_do_toggle vc_toggle vc_toggle_simple vc_toggle_color_black  vc_toggle_size_md\"><div class=\"vc_toggle_title\"><h4>Je Family Rafting prijazen do hi\u0161nih ljubljen\u010dkov?<\/h4><i class=\"vc_toggle_icon\"><\/i><\/div><div class=\"vc_toggle_content\"><p><span style=\"font-weight: 400;\">Da! Dru\u017einski rafting je popoln odsek za pse.<\/span><\/p>\n<p><span style=\"font-weight: 400;\">Pogoj:<\/span><\/p>\n<ul>\n<li><span style=\"font-weight: 400;\"> pes se mora dobro po\u010dutiti ob stiku z vodo<\/span><\/li>\n<li><span style=\"font-weight: 400;\"> mora nositi re\u0161ilni jopi\u010d (priskrbimo mi)<\/span><\/li>\n<\/ul>\n<p>&nbsp;<\/p>\n<p><span style=\"font-weight: 400;\">Na poti imamo postanek za kopanje.<\/span><\/p>\n<\/div><\/div><div  class=\"vc_do_toggle vc_toggle vc_toggle_simple vc_toggle_color_black  vc_toggle_size_md\"><div class=\"vc_toggle_title\"><h4>Ali lahko na celodnevni rafting prinesem kosilo?<\/h4><i class=\"vc_toggle_icon\"><\/i><\/div><div class=\"vc_toggle_content\"><p><span style=\"font-weight: 400;\">Da.<\/span><\/p>\n<p><span style=\"font-weight: 400;\">Lahko:<\/span><\/p>\n<ul>\n<li><span style=\"font-weight: 400;\"> prinesite svoje kosilo\/prigrizke<\/span><\/li>\n<li><span style=\"font-weight: 400;\"> naro\u010dite nam, da vam organiziramo kosilo (dopla\u010dilo, predhodna rezervacija)<\/span><\/li>\n<\/ul>\n<\/div><\/div>\n\t<div class=\"wpb_text_column wpb_content_element\" >\n\t\t<div class=\"wpb_wrapper\">\n\t\t\t<h2><span style=\"font-weight: 400;\">VARNOST - ZDRAVJE - POGOJI<\/span><\/h2>\n\n\t\t<\/div>\n\t<\/div>\n<div  class=\"vc_do_toggle vc_toggle vc_toggle_simple vc_toggle_color_black  vc_toggle_size_md\"><div class=\"vc_toggle_title\"><h4>Kako hladna je reka?<\/h4><i class=\"vc_toggle_icon\"><\/i><\/div><div class=\"vc_toggle_content\"><p><span style=\"font-weight: 400;\">So\u010da je alpska reka. Povpre\u010dne temperature:<\/span><\/p>\n<ul>\n<li><span style=\"font-weight: 400;\"> Spomladi: 6 \u00b0C - 10 \u00b0C<\/span><\/li>\n<li><span style=\"font-weight: 400;\"> Poleti: 12\u00b0C - 16\u00b0C<\/span><\/li>\n<li><span style=\"font-weight: 400;\"> Jeseni: 8\u00b0C - 12\u00b0C<\/span><\/li>\n<\/ul>\n<p><span style=\"font-weight: 400;\">Zagotovimo vam visokokakovostne neoprenske obleke in \u010devlje.<\/span><\/p>\n<\/div><\/div><div  class=\"vc_do_toggle vc_toggle vc_toggle_simple vc_toggle_color_black  vc_toggle_size_md\"><div class=\"vc_toggle_title\"><h4>Kaj \u010de imam zdravstvene posebnosti?<\/h4><i class=\"vc_toggle_icon\"><\/i><\/div><div class=\"vc_toggle_content\"><p><span style=\"font-weight: 400;\">Prosimo, da nas vnaprej obvestite o:<\/span><\/p>\n<ul>\n<li><span style=\"font-weight: 400;\"> zdravstvenih posebnostih (diabetes, epilepsija,...)<\/span><\/li>\n<li><span style=\"font-weight: 400;\"> nedavnih po\u0161kodbah, operacijah,..<\/span><\/li>\n<li><span style=\"font-weight: 400;\"> alergije<\/span><\/li>\n<li><span style=\"font-weight: 400;\"> jemljete kak\u0161na zdravila<\/span><\/li>\n<\/ul>\n<p>&nbsp;<\/p>\n<p><span style=\"font-weight: 400;\">S seboj prinesite vse kar potrebujete glede na svoje zdravstvene posebnosti. Na\u0161i vodniki usposobljeni za re\u0161evanje in nujne primere.<\/span><\/p>\n<p>&nbsp;<\/p>\n<\/div><\/div><div  class=\"vc_do_toggle vc_toggle vc_toggle_simple vc_toggle_color_black  vc_toggle_size_md\"><div class=\"vc_toggle_title\"><h4>Je rafting ali izlet s kajakom primerna aktivnost za starej\u0161e ljudi?<\/h4><i class=\"vc_toggle_icon\"><\/i><\/div><div class=\"vc_toggle_content\"><p><span style=\"font-weight: 400;\">Prosimo, da nas vnaprej obvestite o:<\/span><\/p>\n<ul>\n<li><span style=\"font-weight: 400;\"> zdravstvenih posebnostih (diabetes, epilepsija,...)<\/span><\/li>\n<li><span style=\"font-weight: 400;\"> nedavnih po\u0161kodbah, operacijah,..<\/span><\/li>\n<li><span style=\"font-weight: 400;\"> alergije<\/span><\/li>\n<li><span style=\"font-weight: 400;\">Da. Veliko starej\u0161ih gostov u\u017eiva v na\u0161ih aktivnostih.<\/span><span style=\"font-weight: 400;\">\u010ce ste dobrega zdravja in vam ustreza gibanje na prostem, vabljeni.<\/span><\/li>\n<\/ul>\n<\/div><\/div><div  class=\"vc_do_toggle vc_toggle vc_toggle_simple vc_toggle_color_black  vc_toggle_size_md\"><div class=\"vc_toggle_title\"><h4>Ali so aktivnosti primerne za nose\u010dnice?<\/h4><i class=\"vc_toggle_icon\"><\/i><\/div><div class=\"vc_toggle_content\"><p><span style=\"font-weight: 400;\">Iz varnostnih razlogov ne priporo\u010damo raftinga ali vo\u017enje s kajakom med nose\u010dnostjo.<\/span><\/p>\n<\/div><\/div><div  class=\"vc_do_toggle vc_toggle vc_toggle_simple vc_toggle_color_black  vc_toggle_size_md\"><div class=\"vc_toggle_title\"><h4>Ali je pred ali med aktivnostmi dovoljeno u\u017eivati alkohol?<\/h4><i class=\"vc_toggle_icon\"><\/i><\/div><div class=\"vc_toggle_content\"><p><span style=\"font-weight: 400;\">Ne. Gost, ki pride na aktivnost pod vplivom alkohola ali drugih substanc, se aktivnosti ne more udele\u017eiti.<\/span><\/p>\n<p><span style=\"font-weight: 400;\">V primeru zavrnitve gosta zaradi u\u017eivanja alkohola ali drugih prepovedanih substanc se kupnine ne vra\u010da.<\/span><\/p>\n<\/div><\/div>\n\t<div class=\"wpb_text_column wpb_content_element\" >\n\t\t<div class=\"wpb_wrapper\">\n\t\t\t<h2><span style=\"font-weight: 400;\">OSEBNI PREDMETI IN OPREMA<\/span><\/h2>\n\n\t\t<\/div>\n\t<\/div>\n<div  class=\"vc_do_toggle vc_toggle vc_toggle_simple vc_toggle_color_black  vc_toggle_size_md\"><div class=\"vc_toggle_title\"><h4>Ali lahko prinesem dragocenosti?<\/h4><i class=\"vc_toggle_icon\"><\/i><\/div><div class=\"vc_toggle_content\"><p><span style=\"font-weight: 400;\">Najbolje je, da s seboj ne prina\u0161ate nepotrebnih dragocenosti.<\/span><\/p>\n<p><span style=\"font-weight: 400;\">Telefoni in denarnice lahko varno ostanejo v na\u0161em vozilu, ki ga nadzoruje na\u0161 voznik. Nakit in ostali dragoceni predmeti naj ostanejo v nastanitvi.<\/span><\/p>\n<p><span style=\"font-weight: 400;\">Na voljo imamo vodoodporne vre\u010de, ki pa so namenjeno izklju\u010dno za nujno potrebna zdravila.<\/span><\/p>\n<\/div><\/div>\n\t<div class=\"wpb_text_column wpb_content_element\" >\n\t\t<div class=\"wpb_wrapper\">\n\t\t\t<h2><span style=\"font-weight: 400;\">FOTOGRAFIJE IN SPOMINI<\/span><\/h2>\n\n\t\t<\/div>\n\t<\/div>\n<div  class=\"vc_do_toggle vc_toggle vc_toggle_simple vc_toggle_color_black  vc_toggle_size_md\"><div class=\"vc_toggle_title\"><h4>Ali dobimo tudi fotografije in video posnetke?<\/h4><i class=\"vc_toggle_icon\"><\/i><\/div><div class=\"vc_toggle_content\"><p><span style=\"font-weight: 400;\">Da - slike in videi so vklju\u010deni v ceno, z vami jih bomo delili takoj po izletu:<\/span><\/p>\n<ul>\n<li><span style=\"font-weight: 400;\"> AirDrop<\/span><\/li>\n<li><span style=\"font-weight: 400;\"> Bralnik kartic GoPro<\/span><\/li>\n<li><span style=\"font-weight: 400;\"> WhatsApp<\/span><\/li>\n<\/ul>\n<\/div><\/div><\/div><\/div><\/div><div class=\"wpb_column vc_column_container vc_col-sm-4\"><div class=\"vc_column-inner\"><div class=\"wpb_wrapper\">\n\t<div class=\"wpb_text_column wpb_content_element vc_custom_1770757396770\" >\n\t\t<div class=\"wpb_wrapper\">\n\t\t\t<h4>Potrebuje\u0161 pomo\u010d pri rezervaciji?<\/h4>\n<p class=\"translation-block\">Potrebuje\u0161 pomo\u010d pri izbiri aktivnosti ali na\u010drtovanju bivanja v dolini So\u010de?\n\nKontaktiraj nas \u2013 na\u0161a ekipa bo hitro in u\u010dinkovito pomagala najti najbolj\u0161o mo\u017enost za tvoje \u017eelje in pri\u010dakovanja.<\/p>\n<p><a href=\"http:\/\/+386 (0)41 475 462\">+386 (0)41 475 462<\/a><\/p>\n\n\t\t<\/div>\n\t<\/div>\n<\/div><\/div><\/div><\/div>\n<\/div>","protected":false},"excerpt":{"rendered":"FAQ RESERVATION \u2022 PAYMENTS \u2022 CANCELLATIONS How do I book?Booking is simple: Reserve online with a \u20ac50 deposit\u00a0 Reserve online with \u20ac50 per booking.\u00a0 Pay the remaining balance in cash on the day of the activity at the meeting point Once your booking is confirmed, you\u2019ll receive all important details by email. Do I need [...]","protected":false},"author":1,"featured_media":0,"parent":0,"menu_order":0,"comment_status":"closed","ping_status":"closed","template":"","meta":{"footnotes":""},"class_list":["post-431","page","type-page","status-publish","hentry"],"_links":{"self":[{"href":"https:\/\/paddlesoca.com\/sl\/wp-json\/wp\/v2\/pages\/431","targetHints":{"allow":["GET"]}}],"collection":[{"href":"https:\/\/paddlesoca.com\/sl\/wp-json\/wp\/v2\/pages"}],"about":[{"href":"https:\/\/paddlesoca.com\/sl\/wp-json\/wp\/v2\/types\/page"}],"author":[{"embeddable":true,"href":"https:\/\/paddlesoca.com\/sl\/wp-json\/wp\/v2\/users\/1"}],"replies":[{"embeddable":true,"href":"https:\/\/paddlesoca.com\/sl\/wp-json\/wp\/v2\/comments?post=431"}],"version-history":[{"count":0,"href":"https:\/\/paddlesoca.com\/sl\/wp-json\/wp\/v2\/pages\/431\/revisions"}],"wp:attachment":[{"href":"https:\/\/paddlesoca.com\/sl\/wp-json\/wp\/v2\/media?parent=431"}],"curies":[{"name":"wp","href":"https:\/\/api.w.org\/{rel}","templated":true}]}}