{"id":432,"date":"2019-05-15T07:50:54","date_gmt":"2019-05-15T07:50:54","guid":{"rendered":"https:\/\/themes.themeenergy.com\/bookyourtravel\/travel-tours\/?page_id=387"},"modified":"2026-03-03T15:18:35","modified_gmt":"2026-03-03T15:18:35","slug":"about-us-2","status":"publish","type":"page","link":"https:\/\/paddlesoca.com\/sl\/about-us-2\/","title":{"rendered":"Skupine"},"content":{"rendered":"<div class=\"wpb-content-wrapper\"><div data-vc-full-width=\"true\" data-vc-full-width-temp=\"true\" data-vc-full-width-init=\"false\" data-vc-stretch-content=\"true\" class=\"vc_row wpb_row vc_row-fluid vc_custom_1771601352947 vc_row-has-fill vc_row-no-padding\"><div class=\"wpb_column vc_column_container vc_col-sm-12\"><div class=\"vc_column-inner\"><div class=\"wpb_wrapper\"><\/div><\/div><\/div><\/div><div class=\"vc_row-full-width vc_clearfix\"><\/div><div class=\"vc_row wpb_row vc_row-fluid vc_custom_1557914445778 vc_row-has-fill\"><div class=\"wpb_column vc_column_container vc_col-sm-2\"><div class=\"vc_column-inner\"><div class=\"wpb_wrapper\"><\/div><\/div><\/div><div class=\"wpb_column vc_column_container vc_col-sm-8\"><div class=\"vc_column-inner\"><div class=\"wpb_wrapper\">\n\t<div class=\"wpb_text_column wpb_content_element vc_custom_1772551109340\" >\n\t\t<div class=\"wpb_wrapper\">\n\t\t\t<h2>Skupinska do\u017eivetja v dolini So\u010de<\/h2>\n<p>Podjetje Paddle So\u010da oblikuje in izvaja do\u017eivetja na prostem za skupine, ki si \u017eelijo obiskati dolino So\u010de.<\/p>\n<p>Sodelujemo s podjetji, \u0161olami, dru\u017einami in skupinami prijateljev ter ustvarjamo dobro organizirane programe, ki zdru\u017eujejo vodne aktivnosti, gorska do\u017eivetja in piknike, vedno prilagojeno potrebam skupine.<\/p>\n<p>\u010ceprav so rafting, kajak in joga v sredi\u0161\u010du na\u0161ega dela, pomagamo skupinam tudi pri dostopu do drugih ikoni\u010dnih dejavnosti v dolini prek zaupanja vrednih lokalnih partnerjev.<\/p>\n<h2>Team Building za podjetja in korporativne skupine<\/h2>\n<p>Na\u0161i programi za team building izkori\u0161\u010dajo naravno okolje doline So\u010de za spodbujanje sodelovanja, re\u0161evanja problemov in skupnih dose\u017ekov.<\/p>\n<p>Programi lahko vklju\u010dujejo rafting, vo\u017enjo s kajakom, jogo in soteskanje ali druge aktivnosti na prostem, odvisno od ciljev skupine.<\/p>\n<p>Na voljo so poldnevni, celodnevni in ve\u010ddnevni programi s prilagodljivim urnikom in zasebno logistiko.<\/p>\n<h2>\u0160olske in izobra\u017eevalne skupine<\/h2>\n<p>Ponujamo varne, strukturirane in zanimive programe na prostem za \u0161olske in izobra\u017eevalne skupine.<br \/>\nDejavnosti se osredoto\u010dajo na timsko delo, samozavest, spo\u0161tovanje narave in osnovno poznavanje reke, vse pa vodijo vodniki, ki so usposobljeni za re\u0161evanje na divjih vodah in prvo pomo\u010d.<\/p>\n<p>Programi so prilagojeni starosti, velikosti skupine in u\u010dnim ciljem.<br \/>\nDolina So\u010de je edinstvena u\u010dilnica na prostem, ki zdru\u017euje pustolov\u0161\u010dino, naravo in izobra\u017eevanje.<\/p>\n<h2>Velike dru\u017eine<\/h2>\n<p>Dolina So\u010de je odli\u010dna destinacija za ve\u010dgeneracijska potovanja.<br \/>\nOblikujemo dru\u017einam prijazne programe, v katerih lahko vsakdo sodeluje v svojem tempu in ustvarja skupne spomine v varnem in slikovitem okolju.<\/p>\n<p>Dejavnosti so prilagojene sestavi skupine, na izbranih odsekih reke pa so na voljo tudi mo\u017enosti, kjer se v \u010dolnu lahko pridru\u017ei tudi dru\u017einski ku\u017ea.<\/p>\n<h2>Skupine prijateljev<\/h2>\n<p>Ne glede na to, ali na\u010drtujete aktivne po\u010ditnice, praznovanje ali preprosto skupno pre\u017eivljanje \u010dasa na prostem, vam pomagamo, da svoje bivanje v Bovcu kar najbolje izkoristite.<\/p>\n<p>Programe, od aktivnosti na reki do gorskih pustolov\u0161\u010din, lahko v celoti prilagodimo energiji, interesom in urniku va\u0161e skupine.<\/p>\n<p>Na voljo so zasebna do\u017eivetja, v istem dnevu se lahko udele\u017eite ve\u010d aktivnosti.<\/p>\n<h2>Aktivnosti v dolini So\u010de<\/h2>\n<p>Poleg na\u0161ih aktivnosti na reki,  lahko pomagamo pri organizaciji:<br \/>\n\u2022 Soteskanja<br \/>\n\u2022 Jadralnega padalstva<br \/>\n\u2022 Skoka s padalom<br \/>\n\u2022 pohodni\u0161tvu<br \/>\n\u2022 Spro\u0161\u010danja v savni<\/p>\n<p>Vse zunanje dejavnosti so organizirane z izku\u0161enimi lokalnimi partnerji, ki zagotavljajo kakovost in varnost.<\/p>\n<h2>Zakaj izbrati aktivnosti s Paddle So\u010da?<\/h2>\n<p>\u2022 Imamo izku\u0161ene vodnike z licencami<br \/>\n\u2022 Visoke standarde glede varnosti<br \/>\n\u2022 Imamo zasebne in prilagodljive programe za skupine<br \/>\n\u2022 Mo\u010dno lokalno mre\u017eo v dolini So\u010de<br \/>\n\u2022 Dejavnosti za razli\u010dne starosti in stopnje fizi\u010dne pripravljenosti<\/p>\n<h2>Na\u010drtuj aktivnosti za svojo skupino<\/h2>\n<p>Povej nam o svoji skupini, datumih in idejah.<br \/>\nPomagali bomo ustvariti pravo izku\u0161njo v Bovcu in dolini So\u010de.<\/p>\n\n\t\t<\/div>\n\t<\/div>\n<\/div><\/div><\/div><div class=\"wpb_column vc_column_container vc_col-sm-2\"><div class=\"vc_column-inner\"><div class=\"wpb_wrapper\"><\/div><\/div><\/div><\/div>\n<\/div>","protected":false},"excerpt":{"rendered":"Group Adventures in the So\u010da Valley Paddle So\u010da designs and operates outdoor experiences for groups visiting the So\u010da Valley. We work with companies, schools, families and groups of friends, creating well-organized programs that combine water activities, mountain experiences and recovery, always adapted to the group\u2019s needs. While rafting, kayaking and yoga are at the heart [...]","protected":false},"author":1,"featured_media":0,"parent":0,"menu_order":0,"comment_status":"closed","ping_status":"closed","template":"page-blank.php","meta":{"footnotes":""},"class_list":["post-432","page","type-page","status-publish","hentry"],"_links":{"self":[{"href":"https:\/\/paddlesoca.com\/sl\/wp-json\/wp\/v2\/pages\/432","targetHints":{"allow":["GET"]}}],"collection":[{"href":"https:\/\/paddlesoca.com\/sl\/wp-json\/wp\/v2\/pages"}],"about":[{"href":"https:\/\/paddlesoca.com\/sl\/wp-json\/wp\/v2\/types\/page"}],"author":[{"embeddable":true,"href":"https:\/\/paddlesoca.com\/sl\/wp-json\/wp\/v2\/users\/1"}],"replies":[{"embeddable":true,"href":"https:\/\/paddlesoca.com\/sl\/wp-json\/wp\/v2\/comments?post=432"}],"version-history":[{"count":0,"href":"https:\/\/paddlesoca.com\/sl\/wp-json\/wp\/v2\/pages\/432\/revisions"}],"wp:attachment":[{"href":"https:\/\/paddlesoca.com\/sl\/wp-json\/wp\/v2\/media?parent=432"}],"curies":[{"name":"wp","href":"https:\/\/api.w.org\/{rel}","templated":true}]}}